{"id":1046,"date":"2020-03-14T17:18:07","date_gmt":"2020-03-14T17:18:07","guid":{"rendered":"https:\/\/as-nartnik.si\/?page_id=1046"},"modified":"2020-03-28T20:27:11","modified_gmt":"2020-03-28T20:27:11","slug":"popravila-in-vzdrzevanje-avtomatskih-menjalnikov","status":"publish","type":"page","link":"https:\/\/as-nartnik.si\/?page_id=1046","title":{"rendered":"Popravila in vzdr\u017eevanje avtomatskih menjalnikov"},"content":{"rendered":"<div id=\"pl-1046\"  class=\"panel-layout\" ><div id=\"pg-1046-0\"  class=\"panel-grid panel-no-style\" ><div id=\"pgc-1046-0-0\"  class=\"panel-grid-cell\" ><div id=\"panel-1046-0-0-0\" class=\"so-panel widget widget_sow-editor panel-first-child panel-last-child\" data-index=\"0\" ><div\n\t\t\t\n\t\t\tclass=\"so-widget-sow-editor so-widget-sow-editor-base\"\n\t\t\t\n\t\t>\n<div class=\"siteorigin-widget-tinymce textwidget\">\n\t<h3>Popravila in vzdr\u017eevanje avtomatskih menjalnikov<\/h3>\n<p>Trend vgradnje avtomatskih menjalnikov v vozila v zadnjih letih strmo nara\u0161\u010da. Hkrati z vgradnjo <a href=\"https:\/\/en.wikipedia.org\/wiki\/Automatic_transmission\" target=\"_blank\" rel=\"noopener\">avtomatskih menjalnikov<\/a> in neustreznim ne\/vzdr\u017eevanjem le teh s strani serviserjev, se v menjalnikih in njihovih sestavnih delih pogosto pojavijo okvare in posledi\u010dno visoki stro\u0161ki popravil.<\/p>\n<p>Ve\u010dina poobla\u0161\u010denih serviserjev stranki lahko ponudi le tovarni\u0161ko obnovljen menjalnik, kar npr. pri 4 leta starem vozilu predstavlja stro\u0161ek med 30% in 40% vrednosti brezhibnega vozila.<\/p>\n<p>Znotraj vzdr\u017eevanja avtomatskih menjalnikov partnerjem tudi nudimo redna vzdr\u017eevalna dela - menjavo filtrov in olja menjalnika <a href=\"https:\/\/www.youtube.com\/watch?reload=9&amp;v=mBYk5rxBRIA\" target=\"_blank\" rel=\"noopener\"><strong>po metodi<\/strong> <span style=\"color: #ff0000;\"><strong>Tim Eckart<\/strong><\/span><\/a>, kjer z namensko opremo proizvajalca <a href=\"https:\/\/fortron.com.au\/\" target=\"_blank\" rel=\"noopener\"><strong>Fortron\u00a0Automotive<\/strong><\/a>\u00a0zamenjamo celotno in ustrezno koli\u010dino olja v sistemu, vklju\u010dno z oljem, ki se nahaja v:<\/p>\n<ul>\n<li><strong>elektrohidravli\u010dni krmilni plo\u0161\u010di<\/strong><\/li>\n<\/ul>\n<ul>\n<li><strong>pretvorniku momenta<\/strong><\/li>\n<\/ul>\n<ul>\n<li><strong>v ceveh in toplotnem izmenjevalcu<\/strong><\/li>\n<\/ul>\n<p>s poudarkom, da se staro in novo olje ne me\u0161ata. Oziroma, da se isto\u010dasno zamenja celotna koli\u010dina olja, ki se nahaja v sistemu avtomatskega menjalnika.<\/p>\n<p><img loading=\"lazy\" decoding=\"async\" class=\"size-full wp-image-1054 alignleft\" src=\"https:\/\/as-nartnik.si\/wp-content\/uploads\/2020\/03\/TimEckart_oil-changing.png\" alt=\"\" width=\"444\" height=\"333\" srcset=\"https:\/\/as-nartnik.si\/wp-content\/uploads\/2020\/03\/TimEckart_oil-changing.png 444w, https:\/\/as-nartnik.si\/wp-content\/uploads\/2020\/03\/TimEckart_oil-changing-300x225.png 300w\" sizes=\"auto, (max-width: 444px) 100vw, 444px\" \/><\/p>\n<p>V sklopu popravil avtomatskih in robotiziranih menjalnikov partnerjem nudimo cenovno zelo sprejemljive cene popravil menjalnikov oziroma njihovih sklopov.<\/p>\n<p><strong><span style=\"color: #333333;\">Za primerjavo: Stro\u0161ki popravil v povpre\u010dju ne presegajo cen menjave sklopke z dvomasnim vztrajnikom in hidravli\u010dnim potisnim valjem pri vozilih z vgrajenim ro\u010dnim menjalnikom.<\/span><\/strong><\/p>\n<p>&nbsp;<\/p>\n<\/div>\n<\/div><\/div><\/div><div id=\"pgc-1046-0-1\"  class=\"panel-grid-cell\" ><div id=\"panel-1046-0-1-0\" class=\"so-panel widget widget_sow-editor panel-first-child\" data-index=\"1\" ><div\n\t\t\t\n\t\t\tclass=\"so-widget-sow-editor so-widget-sow-editor-base\"\n\t\t\t\n\t\t>\n<div class=\"siteorigin-widget-tinymce textwidget\">\n\t<h5><a href=\"http:\/\/www.fortron.si\/\" target=\"_blank\" rel=\"noopener\"><img loading=\"lazy\" decoding=\"async\" class=\"size-full wp-image-1647 alignnone\" src=\"https:\/\/as-nartnik.si\/wp-content\/uploads\/2020\/03\/Logo-fortron.jpg\" alt=\"\" width=\"300\" height=\"123\" \/><\/a><\/h5>\n<h5><span style=\"color: #999999;\"><span class=\"icon-container\"><span class=\"fa fa-check\" style=\"color:#bc001f;\"><\/span><\/span> \u00a0 \u00a0<span style=\"color: #808080;\">POSTOPEK TIM ECKART<\/span><\/span><\/h5>\n<h5><span style=\"color: #999999;\"><span class=\"icon-container\"><span class=\"fa fa-check\" style=\"color:#bc001f;\"><\/span><\/span>\u00a0 \u00a0 <span style=\"color: #808080;\">POPOLNA MENJAVA OLJA<\/span><\/span><\/h5>\n<h5><span style=\"color: #999999;\"><span class=\"icon-container\"><span class=\"fa fa-check\" style=\"color:#bc001f;\"><\/span><\/span> \u00a0 KVALITETNO OBRATOVANJE<\/span><\/h5>\n<h5><span style=\"color: #999999;\"><span class=\"icon-container\"><span class=\"fa fa-check\" style=\"color:#bc001f;\"><\/span><\/span>\u00a0 DOLGA \u017dIVLJENJSKA DOBA MENJALNIKA<\/span><\/h5>\n<\/div>\n<\/div><\/div><div id=\"panel-1046-0-1-1\" class=\"so-panel widget widget_media_video\" data-index=\"2\" ><div style=\"width:100%;\" class=\"wp-video\"><video class=\"wp-video-shortcode\" id=\"video-1046-1\" preload=\"metadata\" controls=\"controls\"><source type=\"video\/youtube\" src=\"https:\/\/www.youtube.com\/watch?v=o690DovjDAc&#038;_=1\" \/><a href=\"https:\/\/www.youtube.com\/watch?v=o690DovjDAc\">https:\/\/www.youtube.com\/watch?v=o690DovjDAc<\/a><\/video><\/div><\/div><div id=\"panel-1046-0-1-2\" class=\"so-panel widget widget_sow-editor panel-last-child\" data-index=\"3\" ><div\n\t\t\t\n\t\t\tclass=\"so-widget-sow-editor so-widget-sow-editor-base\"\n\t\t\t\n\t\t>\n<div class=\"siteorigin-widget-tinymce textwidget\">\n\t<p><img loading=\"lazy\" decoding=\"async\" class=\"alignnone  wp-image-1261\" src=\"https:\/\/as-nartnik.si\/wp-content\/uploads\/2020\/03\/Nartnik3-1.png\" alt=\"\" width=\"826\" height=\"550\" srcset=\"https:\/\/as-nartnik.si\/wp-content\/uploads\/2020\/03\/Nartnik3-1.png 943w, https:\/\/as-nartnik.si\/wp-content\/uploads\/2020\/03\/Nartnik3-1-300x200.png 300w, https:\/\/as-nartnik.si\/wp-content\/uploads\/2020\/03\/Nartnik3-1-768x511.png 768w, https:\/\/as-nartnik.si\/wp-content\/uploads\/2020\/03\/Nartnik3-1-540x360.png 540w, https:\/\/as-nartnik.si\/wp-content\/uploads\/2020\/03\/Nartnik3-1-600x400.png 600w, https:\/\/as-nartnik.si\/wp-content\/uploads\/2020\/03\/Nartnik3-1-272x182.png 272w\" sizes=\"auto, (max-width: 826px) 100vw, 826px\" \/><\/p>\n<p><img loading=\"lazy\" decoding=\"async\" class=\"alignnone  wp-image-1259\" src=\"https:\/\/as-nartnik.si\/wp-content\/uploads\/2020\/03\/Nartnik5-1.png\" alt=\"\" width=\"822\" height=\"549\" srcset=\"https:\/\/as-nartnik.si\/wp-content\/uploads\/2020\/03\/Nartnik5-1.png 943w, https:\/\/as-nartnik.si\/wp-content\/uploads\/2020\/03\/Nartnik5-1-300x200.png 300w, https:\/\/as-nartnik.si\/wp-content\/uploads\/2020\/03\/Nartnik5-1-768x512.png 768w, https:\/\/as-nartnik.si\/wp-content\/uploads\/2020\/03\/Nartnik5-1-540x360.png 540w, https:\/\/as-nartnik.si\/wp-content\/uploads\/2020\/03\/Nartnik5-1-600x400.png 600w, https:\/\/as-nartnik.si\/wp-content\/uploads\/2020\/03\/Nartnik5-1-272x182.png 272w\" sizes=\"auto, (max-width: 822px) 100vw, 822px\" \/><\/p>\n<\/div>\n<\/div><\/div><\/div><\/div><\/div>","protected":false},"excerpt":{"rendered":"<p>Popravila in vzdr\u017eevanje avtomatskih menjalnikov Trend vgradnje avtomatskih menjalnikov v vozila v zadnjih letih strmo nara\u0161\u010da. Hkrati z vgradnjo avtomatskih menjalnikov in neustreznim ne\/vzdr\u017eevanjem le teh s strani serviserjev, se v menjalnikih in njihovih sestavnih delih pogosto pojavijo okvare in posledi\u010dno visoki stro\u0161ki popravil. Ve\u010dina poobla\u0161\u010denih serviserjev stranki lahko ponudi le tovarni\u0161ko obnovljen menjalnik, kar &hellip;<\/p>\n","protected":false},"author":2,"featured_media":1043,"parent":172,"menu_order":0,"comment_status":"closed","ping_status":"closed","template":"","meta":{"_acf_changed":false,"footnotes":""},"class_list":["post-1046","page","type-page","status-publish","has-post-thumbnail","hentry"],"acf":[],"_links":{"self":[{"href":"https:\/\/as-nartnik.si\/index.php?rest_route=\/wp\/v2\/pages\/1046","targetHints":{"allow":["GET"]}}],"collection":[{"href":"https:\/\/as-nartnik.si\/index.php?rest_route=\/wp\/v2\/pages"}],"about":[{"href":"https:\/\/as-nartnik.si\/index.php?rest_route=\/wp\/v2\/types\/page"}],"author":[{"embeddable":true,"href":"https:\/\/as-nartnik.si\/index.php?rest_route=\/wp\/v2\/users\/2"}],"replies":[{"embeddable":true,"href":"https:\/\/as-nartnik.si\/index.php?rest_route=%2Fwp%2Fv2%2Fcomments&post=1046"}],"version-history":[{"count":31,"href":"https:\/\/as-nartnik.si\/index.php?rest_route=\/wp\/v2\/pages\/1046\/revisions"}],"predecessor-version":[{"id":1651,"href":"https:\/\/as-nartnik.si\/index.php?rest_route=\/wp\/v2\/pages\/1046\/revisions\/1651"}],"up":[{"embeddable":true,"href":"https:\/\/as-nartnik.si\/index.php?rest_route=\/wp\/v2\/pages\/172"}],"wp:featuredmedia":[{"embeddable":true,"href":"https:\/\/as-nartnik.si\/index.php?rest_route=\/wp\/v2\/media\/1043"}],"wp:attachment":[{"href":"https:\/\/as-nartnik.si\/index.php?rest_route=%2Fwp%2Fv2%2Fmedia&parent=1046"}],"curies":[{"name":"wp","href":"https:\/\/api.w.org\/{rel}","templated":true}]}}