{"id":1061,"date":"2020-03-14T18:49:49","date_gmt":"2020-03-14T18:49:49","guid":{"rendered":"https:\/\/as-nartnik.si\/?page_id=1061"},"modified":"2020-05-06T17:44:59","modified_gmt":"2020-05-06T17:44:59","slug":"obnova-motorjev","status":"publish","type":"page","link":"https:\/\/as-nartnik.si\/?page_id=1061","title":{"rendered":"Obnova motorjev"},"content":{"rendered":"<div id=\"pl-1061\"  class=\"panel-layout\" ><div id=\"pg-1061-0\"  class=\"panel-grid panel-no-style\" ><div id=\"pgc-1061-0-0\"  class=\"panel-grid-cell\" ><div id=\"panel-1061-0-0-0\" class=\"so-panel widget widget_sow-editor panel-first-child\" data-index=\"0\" ><div\n\t\t\t\n\t\t\tclass=\"so-widget-sow-editor so-widget-sow-editor-base\"\n\t\t\t\n\t\t>\n<div class=\"siteorigin-widget-tinymce textwidget\">\n\t<h3>Obnova motorjev<\/h3>\n<p>&nbsp;<\/p>\n<p>Vsled zmanj\u0161evanja delovnih prostornin agregatov predvsem zaradi okoljskih vladnih zahtev po doseganju nizkih izpu\u0161nih emisij, zaradi sodobnih konstrukcij in re\u017eimov obratovanja motorjev dandanes prihaja do izredno visokih trajnodinami\u010dnih obremenitev sestavnih delov agregatov vozil. Kljub kvalitetnim vgrajenim materialom in rednem vzdr\u017eevanju vozil, se posledice visokih obremenitev odra\u017eajo v utrujenosti materialov kot tudi v po\u0161kodbah vitalnih delov motorjev.<\/p>\n<h5><\/h5>\n<\/div>\n<\/div><\/div><div id=\"panel-1061-0-0-1\" class=\"so-panel widget widget_sow-image panel-last-child\" data-index=\"1\" ><div\n\t\t\t\n\t\t\tclass=\"so-widget-sow-image so-widget-sow-image-default-8b5b6f678277-1061\"\n\t\t\t\n\t\t>\n<div class=\"sow-image-container\">\n\t\t<img \n\tsrc=\"https:\/\/as-nartnik.si\/wp-content\/uploads\/2020\/03\/Nartnik6.jpg\" width=\"512\" height=\"342\" srcset=\"https:\/\/as-nartnik.si\/wp-content\/uploads\/2020\/03\/Nartnik6.jpg 512w, https:\/\/as-nartnik.si\/wp-content\/uploads\/2020\/03\/Nartnik6-300x200.jpg 300w, https:\/\/as-nartnik.si\/wp-content\/uploads\/2020\/03\/Nartnik6-272x182.jpg 272w\" sizes=\"(max-width: 512px) 100vw, 512px\" alt=\"\" \t\tclass=\"so-widget-image\"\/>\n\t<\/div>\n\n<\/div><\/div><\/div><div id=\"pgc-1061-0-1\"  class=\"panel-grid-cell\" ><div id=\"panel-1061-0-1-0\" class=\"so-panel widget widget_sow-editor panel-first-child\" data-index=\"2\" ><div\n\t\t\t\n\t\t\tclass=\"so-widget-sow-editor so-widget-sow-editor-base\"\n\t\t\t\n\t\t>\n<div class=\"siteorigin-widget-tinymce textwidget\">\n\t<h4><span style=\"color: #808080;\">V podjetju Avtoservis Nartnik partnerjem tako nudimo tudi:<\/span><\/h4>\n<hr \/>\n<h5><span style=\"color: #999999;\"><span class=\"icon-container\"><span class=\"fa fa-check\" style=\"color:#bc001f;\"><\/span><\/span> <\/span><span style=\"color: #808080;\">Popravila motorjev vozil<\/span><\/h5>\n<h5><span style=\"color: #999999;\"><span class=\"icon-container\"><span class=\"fa fa-check\" style=\"color:#bc001f;\"><\/span><\/span> <\/span><span style=\"color: #808080;\">Generalno obnovo motorjev vozil<\/span><\/h5>\n<h5><span style=\"color: #999999;\"><span class=\"icon-container\"><span class=\"fa fa-check\" style=\"color:#bc001f;\"><\/span><\/span> <\/span><span style=\"color: #808080;\">Generalno obnovo glav motorjev vozil<\/span><\/h5>\n<h5><span style=\"color: #999999;\"><span class=\"icon-container\"><span class=\"fa fa-check\" style=\"color:#bc001f;\"><\/span><\/span> <\/span><span style=\"color: #808080;\">Generalno obnovo in monta\u017eo turbinskih polnilnikov<\/span><\/h5>\n<h5><span style=\"color: #999999;\"><span class=\"icon-container\"><span class=\"fa fa-check\" style=\"color:#bc001f;\"><\/span><\/span> <\/span><span style=\"color: #808080;\">Restavriranje motorjev starodobnikov<\/span><\/h5>\n<h5><span style=\"color: #999999;\"><span class=\"icon-container\"><span class=\"fa fa-check\" style=\"color:#bc001f;\"><\/span><\/span> <\/span><span style=\"color: #808080;\">Generalno obnovo in monta\u017eo sestavnih delov na podro\u010dju vbrizga goriv (\u010drpalke goriva, vbrizgalne \u0161obe,..)<\/span><\/h5>\n<h5><span style=\"color: #999999;\"><span class=\"icon-container\"><span class=\"fa fa-check\" style=\"color:#bc001f;\"><\/span><\/span> <\/span><span style=\"color: #808080;\">Menjavo pogonskih sistemov z zobatim jermenom in sitemov\u00a0z veri\u017enimi pogoni<\/span><\/h5>\n<\/div>\n<\/div><\/div><div id=\"panel-1061-0-1-1\" class=\"so-panel widget widget_sow-image panel-last-child\" data-index=\"3\" ><div\n\t\t\t\n\t\t\tclass=\"so-widget-sow-image so-widget-sow-image-default-8b5b6f678277-1061\"\n\t\t\t\n\t\t>\n<div class=\"sow-image-container\">\n\t\t<img \n\tsrc=\"https:\/\/as-nartnik.si\/wp-content\/uploads\/2020\/03\/Nartnik7.jpg\" width=\"820\" height=\"709\" srcset=\"https:\/\/as-nartnik.si\/wp-content\/uploads\/2020\/03\/Nartnik7.jpg 820w, https:\/\/as-nartnik.si\/wp-content\/uploads\/2020\/03\/Nartnik7-300x259.jpg 300w, https:\/\/as-nartnik.si\/wp-content\/uploads\/2020\/03\/Nartnik7-768x664.jpg 768w, https:\/\/as-nartnik.si\/wp-content\/uploads\/2020\/03\/Nartnik7-540x467.jpg 540w, https:\/\/as-nartnik.si\/wp-content\/uploads\/2020\/03\/Nartnik7-600x519.jpg 600w\" sizes=\"(max-width: 820px) 100vw, 820px\" alt=\"\" \t\tclass=\"so-widget-image\"\/>\n\t<\/div>\n\n<\/div><\/div><\/div><\/div><\/div>","protected":false},"excerpt":{"rendered":"<p>Obnova motorjev &nbsp; Vsled zmanj\u0161evanja delovnih prostornin agregatov predvsem zaradi okoljskih vladnih zahtev po doseganju nizkih izpu\u0161nih emisij, zaradi sodobnih konstrukcij in re\u017eimov obratovanja motorjev dandanes prihaja do izredno visokih trajnodinami\u010dnih obremenitev sestavnih delov agregatov vozil. Kljub kvalitetnim vgrajenim materialom in rednem vzdr\u017eevanju vozil, se posledice visokih obremenitev odra\u017eajo v utrujenosti materialov kot tudi v &hellip;<\/p>\n","protected":false},"author":2,"featured_media":1077,"parent":172,"menu_order":0,"comment_status":"closed","ping_status":"closed","template":"","meta":{"_acf_changed":false,"footnotes":""},"class_list":["post-1061","page","type-page","status-publish","has-post-thumbnail","hentry"],"acf":[],"_links":{"self":[{"href":"https:\/\/as-nartnik.si\/index.php?rest_route=\/wp\/v2\/pages\/1061","targetHints":{"allow":["GET"]}}],"collection":[{"href":"https:\/\/as-nartnik.si\/index.php?rest_route=\/wp\/v2\/pages"}],"about":[{"href":"https:\/\/as-nartnik.si\/index.php?rest_route=\/wp\/v2\/types\/page"}],"author":[{"embeddable":true,"href":"https:\/\/as-nartnik.si\/index.php?rest_route=\/wp\/v2\/users\/2"}],"replies":[{"embeddable":true,"href":"https:\/\/as-nartnik.si\/index.php?rest_route=%2Fwp%2Fv2%2Fcomments&post=1061"}],"version-history":[{"count":24,"href":"https:\/\/as-nartnik.si\/index.php?rest_route=\/wp\/v2\/pages\/1061\/revisions"}],"predecessor-version":[{"id":1805,"href":"https:\/\/as-nartnik.si\/index.php?rest_route=\/wp\/v2\/pages\/1061\/revisions\/1805"}],"up":[{"embeddable":true,"href":"https:\/\/as-nartnik.si\/index.php?rest_route=\/wp\/v2\/pages\/172"}],"wp:featuredmedia":[{"embeddable":true,"href":"https:\/\/as-nartnik.si\/index.php?rest_route=\/wp\/v2\/media\/1077"}],"wp:attachment":[{"href":"https:\/\/as-nartnik.si\/index.php?rest_route=%2Fwp%2Fv2%2Fmedia&parent=1061"}],"curies":[{"name":"wp","href":"https:\/\/api.w.org\/{rel}","templated":true}]}}