{"id":1080,"date":"2020-03-14T19:42:02","date_gmt":"2020-03-14T19:42:02","guid":{"rendered":"https:\/\/as-nartnik.si\/?page_id=1080"},"modified":"2020-03-23T13:29:26","modified_gmt":"2020-03-23T13:29:26","slug":"tehnicna-svetovanja-mnenja-in-solanja","status":"publish","type":"page","link":"https:\/\/as-nartnik.si\/?page_id=1080","title":{"rendered":"Tehni\u010dna svetovanja, mnenja in \u0161olanja"},"content":{"rendered":"<div id=\"pl-1080\"  class=\"panel-layout\" ><div id=\"pg-1080-0\"  class=\"panel-grid panel-no-style\" ><div id=\"pgc-1080-0-0\"  class=\"panel-grid-cell\" ><div id=\"panel-1080-0-0-0\" class=\"so-panel widget widget_sow-editor panel-first-child panel-last-child\" data-index=\"0\" ><div\n\t\t\t\n\t\t\tclass=\"so-widget-sow-editor so-widget-sow-editor-base\"\n\t\t\t\n\t\t>\n<div class=\"siteorigin-widget-tinymce textwidget\">\n\t<h3>Tehni\u010dna svetovanja, mnenja in \u0161olanja<\/h3>\n<hr \/>\n<blockquote>\n<p>Kot ustrezno usposobljeni in iz\u0161olani strankam lahko ponudimo tudi tehni\u010dna svetovanja, mnenja in \u0161olanja.<\/p>\n<\/blockquote>\n<\/div>\n<\/div><\/div><\/div><div id=\"pgc-1080-0-1\"  class=\"panel-grid-cell\" ><div id=\"panel-1080-0-1-0\" class=\"so-panel widget widget_sow-image panel-first-child panel-last-child\" data-index=\"1\" ><div\n\t\t\t\n\t\t\tclass=\"so-widget-sow-image so-widget-sow-image-default-8b5b6f678277-1080\"\n\t\t\t\n\t\t>\n<div class=\"sow-image-container\">\n\t\t<img \n\tsrc=\"https:\/\/as-nartnik.si\/wp-content\/uploads\/2020\/03\/Nartnik10-1.jpg\" width=\"300\" height=\"300\" srcset=\"https:\/\/as-nartnik.si\/wp-content\/uploads\/2020\/03\/Nartnik10-1.jpg 300w, https:\/\/as-nartnik.si\/wp-content\/uploads\/2020\/03\/Nartnik10-1-150x150.jpg 150w, https:\/\/as-nartnik.si\/wp-content\/uploads\/2020\/03\/Nartnik10-1-100x100.jpg 100w\" sizes=\"(max-width: 300px) 100vw, 300px\" title=\"Nartnik10\" alt=\"\" \t\tclass=\"so-widget-image\"\/>\n\t<\/div>\n\n<\/div><\/div><\/div><\/div><\/div>","protected":false},"excerpt":{"rendered":"<p>Tehni\u010dna svetovanja, mnenja in \u0161olanja Kot ustrezno usposobljeni in iz\u0161olani strankam lahko ponudimo tudi tehni\u010dna svetovanja, mnenja in \u0161olanja.<\/p>\n","protected":false},"author":2,"featured_media":1362,"parent":172,"menu_order":0,"comment_status":"closed","ping_status":"closed","template":"","meta":{"_acf_changed":false,"footnotes":""},"class_list":["post-1080","page","type-page","status-publish","has-post-thumbnail","hentry"],"acf":[],"_links":{"self":[{"href":"https:\/\/as-nartnik.si\/index.php?rest_route=\/wp\/v2\/pages\/1080","targetHints":{"allow":["GET"]}}],"collection":[{"href":"https:\/\/as-nartnik.si\/index.php?rest_route=\/wp\/v2\/pages"}],"about":[{"href":"https:\/\/as-nartnik.si\/index.php?rest_route=\/wp\/v2\/types\/page"}],"author":[{"embeddable":true,"href":"https:\/\/as-nartnik.si\/index.php?rest_route=\/wp\/v2\/users\/2"}],"replies":[{"embeddable":true,"href":"https:\/\/as-nartnik.si\/index.php?rest_route=%2Fwp%2Fv2%2Fcomments&post=1080"}],"version-history":[{"count":4,"href":"https:\/\/as-nartnik.si\/index.php?rest_route=\/wp\/v2\/pages\/1080\/revisions"}],"predecessor-version":[{"id":1086,"href":"https:\/\/as-nartnik.si\/index.php?rest_route=\/wp\/v2\/pages\/1080\/revisions\/1086"}],"up":[{"embeddable":true,"href":"https:\/\/as-nartnik.si\/index.php?rest_route=\/wp\/v2\/pages\/172"}],"wp:featuredmedia":[{"embeddable":true,"href":"https:\/\/as-nartnik.si\/index.php?rest_route=\/wp\/v2\/media\/1362"}],"wp:attachment":[{"href":"https:\/\/as-nartnik.si\/index.php?rest_route=%2Fwp%2Fv2%2Fmedia&parent=1080"}],"curies":[{"name":"wp","href":"https:\/\/api.w.org\/{rel}","templated":true}]}}