{"id":1309,"date":"2020-03-22T20:09:00","date_gmt":"2020-03-22T20:09:00","guid":{"rendered":"https:\/\/as-nartnik.si\/?page_id=1309"},"modified":"2022-12-08T10:14:47","modified_gmt":"2022-12-08T10:14:47","slug":"dobava-in-premontaza-pnevmatik","status":"publish","type":"page","link":"https:\/\/as-nartnik.si\/?page_id=1309","title":{"rendered":"Dobava in premonta\u017ea pnevmatik"},"content":{"rendered":"<div id=\"pl-1309\"  class=\"panel-layout\" ><div id=\"pg-1309-0\"  class=\"panel-grid panel-no-style\" ><div id=\"pgc-1309-0-0\"  class=\"panel-grid-cell\" ><div id=\"panel-1309-0-0-0\" class=\"so-panel widget widget_sow-editor panel-first-child\" data-index=\"0\" ><div\n\t\t\t\n\t\t\tclass=\"so-widget-sow-editor so-widget-sow-editor-base\"\n\t\t\t\n\t\t>\n<div class=\"siteorigin-widget-tinymce textwidget\">\n\t<h3>Premonta\u017ea in dobava pnevmatik<\/h3>\n<p>V sklopu rednih in sezonskih vzdr\u017eevalnih del po dogovoru partnerjem nudimo tudi dobavo in menjavo pnevmatik, plati\u0161\u010d in ostalega repro materiala priznanih svetovnih proizvajalcev in dobaviteljev.<\/p>\n<p>Hrambo pnevmatik zagotavljamo v lo\u010denih in ustreznih prostorih, ki izpolnjujejo vsa standardna merila za hrambo.<\/p>\n<p><strong>V primeru, da je vozilo opremljeno s sistemom nadzora tlaka pnevmatik TPMS, le tega tudi ustrezno sprogramiramo in ponastavimo z namensko diagnosti\u010dno opremo.<\/strong><\/p>\n<\/div>\n<\/div><\/div><div id=\"panel-1309-0-0-1\" class=\"so-panel widget widget_pw_brochure_box widget-brochure-box\" data-index=\"1\" >\n\t<a class=\"brochure-box\" href=\"\" target=\"_blank\">\n\t\t<span class=\"brochure-box__icon\"><i class=\"fa  fa-info-circle\"><\/i><\/span>\n\t\t<h5 class=\"brochure-box__text\">Poskrbimo za va\u0161o varnost<\/h5>\n\t<\/a>\n\n<\/div><div id=\"panel-1309-0-0-2\" class=\"so-panel widget widget_pw_brochure_box widget-brochure-box\" data-index=\"2\" >\n\t<a class=\"brochure-box\" href=\"https:\/\/www.adac.de\/rund-ums-fahrzeug\/ausstattung-technik-zubehoer\/reifen\/reifentest\/sommerreifen\/\" target=\"_blank\">\n\t\t<span class=\"brochure-box__icon\"><i class=\"fa  fa-cogs\"><\/i><\/span>\n\t\t<h5 class=\"brochure-box__text\">TEST PNEVMATIK ADAC<\/h5>\n\t<\/a>\n\n<\/div><div id=\"panel-1309-0-0-3\" class=\"so-panel widget widget_pw_brochure_box widget-brochure-box panel-last-child\" data-index=\"3\" >\n\t<a class=\"brochure-box\" href=\"\" target=\"_blank\">\n\t\t<span class=\"brochure-box__icon\"><i class=\"fa  fa-motorcycle\"><\/i><\/span>\n\t\t<h5 class=\"brochure-box__text\">Tekmovalne pnevmatike in plati\u0161\u010da<\/h5>\n\t<\/a>\n\n<\/div><\/div><div id=\"pgc-1309-0-1\"  class=\"panel-grid-cell\" ><div id=\"panel-1309-0-1-0\" class=\"so-panel widget widget_sow-editor panel-first-child panel-last-child\" data-index=\"4\" ><div\n\t\t\t\n\t\t\tclass=\"so-widget-sow-editor so-widget-sow-editor-base\"\n\t\t\t\n\t\t>\n<div class=\"siteorigin-widget-tinymce textwidget\">\n\t<p><img loading=\"lazy\" decoding=\"async\" class=\"alignnone  wp-image-1276\" src=\"https:\/\/as-nartnik.si\/wp-content\/uploads\/2020\/03\/Nartnik_Pnevmatike.jpg\" alt=\"\" width=\"830\" height=\"553\" srcset=\"https:\/\/as-nartnik.si\/wp-content\/uploads\/2020\/03\/Nartnik_Pnevmatike.jpg 600w, https:\/\/as-nartnik.si\/wp-content\/uploads\/2020\/03\/Nartnik_Pnevmatike-300x200.jpg 300w, https:\/\/as-nartnik.si\/wp-content\/uploads\/2020\/03\/Nartnik_Pnevmatike-540x360.jpg 540w, https:\/\/as-nartnik.si\/wp-content\/uploads\/2020\/03\/Nartnik_Pnevmatike-272x182.jpg 272w\" sizes=\"auto, (max-width: 830px) 100vw, 830px\" \/><\/p>\n<p><img loading=\"lazy\" decoding=\"async\" class=\"alignnone  wp-image-1274\" src=\"https:\/\/as-nartnik.si\/wp-content\/uploads\/2020\/03\/Nartnik_Pnevmatike2.jpg\" alt=\"\" width=\"827\" height=\"621\" srcset=\"https:\/\/as-nartnik.si\/wp-content\/uploads\/2020\/03\/Nartnik_Pnevmatike2.jpg 1000w, https:\/\/as-nartnik.si\/wp-content\/uploads\/2020\/03\/Nartnik_Pnevmatike2-300x225.jpg 300w, https:\/\/as-nartnik.si\/wp-content\/uploads\/2020\/03\/Nartnik_Pnevmatike2-768x576.jpg 768w, https:\/\/as-nartnik.si\/wp-content\/uploads\/2020\/03\/Nartnik_Pnevmatike2-540x405.jpg 540w, https:\/\/as-nartnik.si\/wp-content\/uploads\/2020\/03\/Nartnik_Pnevmatike2-600x450.jpg 600w\" sizes=\"auto, (max-width: 827px) 100vw, 827px\" \/><\/p>\n<\/div>\n<\/div><\/div><\/div><\/div><div id=\"pg-1309-1\"  class=\"panel-grid panel-no-style\" ><div id=\"pgc-1309-1-0\"  class=\"panel-grid-cell\" ><div id=\"panel-1309-1-0-0\" class=\"so-panel widget widget_media_image panel-first-child panel-last-child\" data-index=\"5\" ><img loading=\"lazy\" decoding=\"async\" width=\"300\" height=\"100\" src=\"https:\/\/as-nartnik.si\/wp-content\/uploads\/2022\/02\/banner-7-1_7.jpg\" class=\"image wp-image-1970  attachment-full size-full\" alt=\"\" style=\"max-width: 100%; height: auto;\" \/><\/div><\/div><\/div><\/div>","protected":false},"excerpt":{"rendered":"<p>Premonta\u017ea in dobava pnevmatik V sklopu rednih in sezonskih vzdr\u017eevalnih del po dogovoru partnerjem nudimo tudi dobavo in menjavo pnevmatik, plati\u0161\u010d in ostalega repro materiala priznanih svetovnih proizvajalcev in dobaviteljev. Hrambo pnevmatik zagotavljamo v lo\u010denih in ustreznih prostorih, ki izpolnjujejo vsa standardna merila za hrambo. V primeru, da je vozilo opremljeno s sistemom nadzora tlaka &hellip;<\/p>\n","protected":false},"author":2,"featured_media":1276,"parent":172,"menu_order":0,"comment_status":"closed","ping_status":"closed","template":"","meta":{"_acf_changed":false,"footnotes":""},"class_list":["post-1309","page","type-page","status-publish","has-post-thumbnail","hentry"],"acf":[],"_links":{"self":[{"href":"https:\/\/as-nartnik.si\/index.php?rest_route=\/wp\/v2\/pages\/1309","targetHints":{"allow":["GET"]}}],"collection":[{"href":"https:\/\/as-nartnik.si\/index.php?rest_route=\/wp\/v2\/pages"}],"about":[{"href":"https:\/\/as-nartnik.si\/index.php?rest_route=\/wp\/v2\/types\/page"}],"author":[{"embeddable":true,"href":"https:\/\/as-nartnik.si\/index.php?rest_route=\/wp\/v2\/users\/2"}],"replies":[{"embeddable":true,"href":"https:\/\/as-nartnik.si\/index.php?rest_route=%2Fwp%2Fv2%2Fcomments&post=1309"}],"version-history":[{"count":14,"href":"https:\/\/as-nartnik.si\/index.php?rest_route=\/wp\/v2\/pages\/1309\/revisions"}],"predecessor-version":[{"id":2256,"href":"https:\/\/as-nartnik.si\/index.php?rest_route=\/wp\/v2\/pages\/1309\/revisions\/2256"}],"up":[{"embeddable":true,"href":"https:\/\/as-nartnik.si\/index.php?rest_route=\/wp\/v2\/pages\/172"}],"wp:featuredmedia":[{"embeddable":true,"href":"https:\/\/as-nartnik.si\/index.php?rest_route=\/wp\/v2\/media\/1276"}],"wp:attachment":[{"href":"https:\/\/as-nartnik.si\/index.php?rest_route=%2Fwp%2Fv2%2Fmedia&parent=1309"}],"curies":[{"name":"wp","href":"https:\/\/api.w.org\/{rel}","templated":true}]}}