{"id":1385,"date":"2020-03-23T20:16:46","date_gmt":"2020-03-23T20:16:46","guid":{"rendered":"https:\/\/as-nartnik.si\/?page_id=1385"},"modified":"2020-03-23T20:31:51","modified_gmt":"2020-03-23T20:31:51","slug":"piskotki","status":"publish","type":"page","link":"https:\/\/as-nartnik.si\/?page_id=1385","title":{"rendered":"Pi\u0161kotki"},"content":{"rendered":"<div id=\"pl-1385\"  class=\"panel-layout\" ><div id=\"pg-1385-0\"  class=\"panel-grid panel-no-style\" ><div id=\"pgc-1385-0-0\"  class=\"panel-grid-cell\" ><div id=\"panel-1385-0-0-0\" class=\"so-panel widget widget_sow-image panel-first-child panel-last-child\" data-index=\"0\" ><div\n\t\t\t\n\t\t\tclass=\"so-widget-sow-image so-widget-sow-image-default-8b5b6f678277-1385\"\n\t\t\t\n\t\t>\n<div class=\"sow-image-container\">\n\t\t<img \n\tsrc=\"https:\/\/as-nartnik.si\/wp-content\/uploads\/2020\/03\/5fe5d34b4851b114a6df8579cf35367b1d3bd7ec5754774e_1920.jpg\" width=\"1916\" height=\"1920\" srcset=\"https:\/\/as-nartnik.si\/wp-content\/uploads\/2020\/03\/5fe5d34b4851b114a6df8579cf35367b1d3bd7ec5754774e_1920.jpg 1916w, https:\/\/as-nartnik.si\/wp-content\/uploads\/2020\/03\/5fe5d34b4851b114a6df8579cf35367b1d3bd7ec5754774e_1920-300x300.jpg 300w, https:\/\/as-nartnik.si\/wp-content\/uploads\/2020\/03\/5fe5d34b4851b114a6df8579cf35367b1d3bd7ec5754774e_1920-1022x1024.jpg 1022w, https:\/\/as-nartnik.si\/wp-content\/uploads\/2020\/03\/5fe5d34b4851b114a6df8579cf35367b1d3bd7ec5754774e_1920-150x150.jpg 150w, https:\/\/as-nartnik.si\/wp-content\/uploads\/2020\/03\/5fe5d34b4851b114a6df8579cf35367b1d3bd7ec5754774e_1920-768x770.jpg 768w, https:\/\/as-nartnik.si\/wp-content\/uploads\/2020\/03\/5fe5d34b4851b114a6df8579cf35367b1d3bd7ec5754774e_1920-1533x1536.jpg 1533w, https:\/\/as-nartnik.si\/wp-content\/uploads\/2020\/03\/5fe5d34b4851b114a6df8579cf35367b1d3bd7ec5754774e_1920-540x540.jpg 540w, https:\/\/as-nartnik.si\/wp-content\/uploads\/2020\/03\/5fe5d34b4851b114a6df8579cf35367b1d3bd7ec5754774e_1920-600x601.jpg 600w, https:\/\/as-nartnik.si\/wp-content\/uploads\/2020\/03\/5fe5d34b4851b114a6df8579cf35367b1d3bd7ec5754774e_1920-100x100.jpg 100w\" sizes=\"(max-width: 1916px) 100vw, 1916px\" alt=\"\" \t\tclass=\"so-widget-image\"\/>\n\t<\/div>\n\n<\/div><\/div><\/div><div id=\"pgc-1385-0-1\"  class=\"panel-grid-cell\" ><div id=\"panel-1385-0-1-0\" class=\"so-panel widget widget_sow-accordion panel-first-child panel-last-child\" data-index=\"1\" ><div\n\t\t\t\n\t\t\tclass=\"so-widget-sow-accordion so-widget-sow-accordion-default-99be652ed941-1385\"\n\t\t\t\n\t\t><h3 class=\"widget-title\"><span class=\"widget-title__inline\">Pojasnila v vezi pi\u0161kotkov<\/span><\/h3><div>\n\t<div class=\"sow-accordion\">\n\t\t\t<div class=\"sow-accordion-panel\n\t\t\t\t\t\"\n\t\t\t\tdata-anchor-id=\"uporaba-piskotkov\">\n\t\t\t\t\t<div class=\"sow-accordion-panel-header-container\" role=\"heading\" aria-level=\"2\">\n\t\t\t\t\t<div class=\"sow-accordion-panel-header\" tabindex=\"0\" role=\"button\" id=\"accordion-label-uporaba-pi%c5%a1kotkov\" aria-controls=\"accordion-content-uporaba-pi%c5%a1kotkov\" aria-expanded=\"false\">\n\t\t\t\t\t\t<div class=\"sow-accordion-title sow-accordion-title-icon-left\">\n\t\t\t\t\t\t\t\t\t\t\t\t\t\tUporaba pi\u0161kotkov\t\t\t\t\t\t\t\t\t\t\t\t\t<\/div>\n\t\t\t\t\t\t<div class=\"sow-accordion-open-close-button\">\n\t\t\t\t\t\t\t<div class=\"sow-accordion-open-button\">\n\t\t\t\t\t\t\t\t<span class=\"sow-icon-ionicons\" data-sow-icon=\"&#xf218;\"\n\t\t \n\t\taria-hidden=\"true\"><\/span>\t\t\t\t\t\t\t<\/div>\n\t\t\t\t\t\t\t<div class=\"sow-accordion-close-button\">\n\t\t\t\t\t\t\t\t<span class=\"sow-icon-ionicons\" data-sow-icon=\"&#xf209;\"\n\t\t \n\t\taria-hidden=\"true\"><\/span>\t\t\t\t\t\t\t<\/div>\n\t\t\t\t\t\t<\/div>\n\t\t\t\t\t<\/div>\n\t\t\t\t<\/div>\n\n\t\t\t<div\n\t\t\t\tclass=\"sow-accordion-panel-content\"\n\t\t\t\trole=\"region\"\n\t\t\t\taria-labelledby=\"accordion-label-uporaba-pi%c5%a1kotkov\"\n\t\t\t\tid=\"accordion-content-uporaba-pi%c5%a1kotkov\"\n\t\t\t\tstyle=\"display: none;\"\t\t\t>\n\t\t\t\t<div class=\"sow-accordion-panel-border\">\n\t\t\t\t\t<p>Spletna stran\u00a0<strong>AS-NARTNIK.si<\/strong>\u00a0(<em>e-po\u0161tna sporo\u010dila, spletne storitve, ogla\u0161evanje in interaktivne aplikacije za optimizacijo storitev itd.<\/em>) uporablja pi\u0161kotke.<\/p>\n<p>S pi\u0161kotki vas osebno ne identificiramo. Uporabljamo jih samo za bolj\u0161e delovanje spleti\u0161\u010da.<\/p>\n<p>Z uporabo tega spletnega mesta se strinjate, da spletno mesto As-Nartnik.si nastavi pi\u0161kotke na va\u0161i napravi.<\/p>\n\t\t\t\t<\/div>\n\t\t\t<\/div>\n\t\t<\/div>\n\t\t\t<div class=\"sow-accordion-panel\n\t\t\t\t\t\"\n\t\t\t\tdata-anchor-id=\"kaj-so-piskotki\">\n\t\t\t\t\t<div class=\"sow-accordion-panel-header-container\" role=\"heading\" aria-level=\"2\">\n\t\t\t\t\t<div class=\"sow-accordion-panel-header\" tabindex=\"0\" role=\"button\" id=\"accordion-label-kaj-so-pi%c5%a1kotki\" aria-controls=\"accordion-content-kaj-so-pi%c5%a1kotki\" aria-expanded=\"false\">\n\t\t\t\t\t\t<div class=\"sow-accordion-title sow-accordion-title-icon-left\">\n\t\t\t\t\t\t\t\t\t\t\t\t\t\tKaj so \"pi\u0161kotki\"\t\t\t\t\t\t\t\t\t\t\t\t\t<\/div>\n\t\t\t\t\t\t<div class=\"sow-accordion-open-close-button\">\n\t\t\t\t\t\t\t<div class=\"sow-accordion-open-button\">\n\t\t\t\t\t\t\t\t<span class=\"sow-icon-ionicons\" data-sow-icon=\"&#xf218;\"\n\t\t \n\t\taria-hidden=\"true\"><\/span>\t\t\t\t\t\t\t<\/div>\n\t\t\t\t\t\t\t<div class=\"sow-accordion-close-button\">\n\t\t\t\t\t\t\t\t<span class=\"sow-icon-ionicons\" data-sow-icon=\"&#xf209;\"\n\t\t \n\t\taria-hidden=\"true\"><\/span>\t\t\t\t\t\t\t<\/div>\n\t\t\t\t\t\t<\/div>\n\t\t\t\t\t<\/div>\n\t\t\t\t<\/div>\n\n\t\t\t<div\n\t\t\t\tclass=\"sow-accordion-panel-content\"\n\t\t\t\trole=\"region\"\n\t\t\t\taria-labelledby=\"accordion-label-kaj-so-pi%c5%a1kotki\"\n\t\t\t\tid=\"accordion-content-kaj-so-pi%c5%a1kotki\"\n\t\t\t\tstyle=\"display: none;\"\t\t\t>\n\t\t\t\t<div class=\"sow-accordion-panel-border\">\n\t\t\t\t\t<p>Pi\u0161kotki so manj\u0161e besedilne datoteke, obi\u010dajno iz \u010drk in \u0161tevilk, katere obiskano spletno mesto shrani v napravo (ra\u010dunalnik, mobilnik, tablica itd.) z namenom prepoznavanja teh naprav. Shranjevanje pi\u0161kotkov je pod nadzorom brskalnika \u2013 glejte spodaj: nadzor nad pi\u0161kotki.<\/p>\n\t\t\t\t<\/div>\n\t\t\t<\/div>\n\t\t<\/div>\n\t\t\t<div class=\"sow-accordion-panel\n\t\t\t\t\t\"\n\t\t\t\tdata-anchor-id=\"zakaj-jih-potrebujemo\">\n\t\t\t\t\t<div class=\"sow-accordion-panel-header-container\" role=\"heading\" aria-level=\"2\">\n\t\t\t\t\t<div class=\"sow-accordion-panel-header\" tabindex=\"0\" role=\"button\" id=\"accordion-label-zakaj-jih-potrebujemo\" aria-controls=\"accordion-content-zakaj-jih-potrebujemo\" aria-expanded=\"false\">\n\t\t\t\t\t\t<div class=\"sow-accordion-title sow-accordion-title-icon-left\">\n\t\t\t\t\t\t\t\t\t\t\t\t\t\tZakaj jih potrebujemo\t\t\t\t\t\t\t\t\t\t\t\t\t<\/div>\n\t\t\t\t\t\t<div class=\"sow-accordion-open-close-button\">\n\t\t\t\t\t\t\t<div class=\"sow-accordion-open-button\">\n\t\t\t\t\t\t\t\t<span class=\"sow-icon-ionicons\" data-sow-icon=\"&#xf218;\"\n\t\t \n\t\taria-hidden=\"true\"><\/span>\t\t\t\t\t\t\t<\/div>\n\t\t\t\t\t\t\t<div class=\"sow-accordion-close-button\">\n\t\t\t\t\t\t\t\t<span class=\"sow-icon-ionicons\" data-sow-icon=\"&#xf209;\"\n\t\t \n\t\taria-hidden=\"true\"><\/span>\t\t\t\t\t\t\t<\/div>\n\t\t\t\t\t\t<\/div>\n\t\t\t\t\t<\/div>\n\t\t\t\t<\/div>\n\n\t\t\t<div\n\t\t\t\tclass=\"sow-accordion-panel-content\"\n\t\t\t\trole=\"region\"\n\t\t\t\taria-labelledby=\"accordion-label-zakaj-jih-potrebujemo\"\n\t\t\t\tid=\"accordion-content-zakaj-jih-potrebujemo\"\n\t\t\t\tstyle=\"display: none;\"\t\t\t>\n\t\t\t\t<div class=\"sow-accordion-panel-border\">\n\t\t\t\t\t<p>Glavni namen pi\u0161kotka je, da (na\u0161emu) spletnemu stre\u017eniku omogo\u010di, da uporabniku predstavi prilagojene spletne strani, ki omogo\u010dajo, da je do\u017eivetje ob obisku (na\u0161e) spletne strani bolj osebno in da se bolje odziva na posamezne uporabnikove potrebe. Interakcija med uporabnikom in spletnim mestom je s pomo\u010djo pi\u0161kotkov hitrej\u0161a in enostavnej\u0161a. Z njihovo pomo\u010djo si spletna stran zapomni posameznikove preference in izku\u0161nje, s tem je uporabniku ob ponovnem obisku prihranjen \u010das, brskanje po spletnih straneh pa je tako bolj u\u010dinkovito in prijetno.<\/p>\n<p><strong>Zakaj jih potrebujemo<\/strong><\/p>\n<p>Pi\u0161kotki so pomembno sredstvo za ohranjanje sve\u017ee in primerne vsebine, ki je v skladu z interesi in preferencami posameznega spletnega uporabnika. Razlogi za uporabo pi\u0161kotkov izhajajo iz njihovih lastnosti, ena izmed njih je shranjevanja podatkov o stanju posamezne spletne strani), pi\u0161kotki pomagajo pri izvajanju raznih spletnih storitev (spletne trgovine), pomagajo pri zbiranju raznih statistik, saj se le z njimi lahko spremlja pogostost obiskovanja dolo\u010dene spletne strani. S pomo\u010djo pi\u0161kotkov lahko upravljavec spletne strani oceni u\u010dinkovitost zasnove svoje spletne strani, kot tudi ustreznost vrste in \u0161tevila oglasov, ki jih ponujajo tretji uporabnikom na njegovi spletni strani.<\/p>\n\t\t\t\t<\/div>\n\t\t\t<\/div>\n\t\t<\/div>\n\t\t\t<div class=\"sow-accordion-panel\n\t\t\t\t\t\"\n\t\t\t\tdata-anchor-id=\"katere-poskotke-nasa-stran-uporablja\">\n\t\t\t\t\t<div class=\"sow-accordion-panel-header-container\" role=\"heading\" aria-level=\"2\">\n\t\t\t\t\t<div class=\"sow-accordion-panel-header\" tabindex=\"0\" role=\"button\" id=\"accordion-label-katere-po%c5%a1kotke-na%c5%a1a-stran-uporablja\" aria-controls=\"accordion-content-katere-po%c5%a1kotke-na%c5%a1a-stran-uporablja\" aria-expanded=\"false\">\n\t\t\t\t\t\t<div class=\"sow-accordion-title sow-accordion-title-icon-left\">\n\t\t\t\t\t\t\t\t\t\t\t\t\t\tKatere po\u0161kotke na\u0161a stran uporablja\t\t\t\t\t\t\t\t\t\t\t\t\t<\/div>\n\t\t\t\t\t\t<div class=\"sow-accordion-open-close-button\">\n\t\t\t\t\t\t\t<div class=\"sow-accordion-open-button\">\n\t\t\t\t\t\t\t\t<span class=\"sow-icon-ionicons\" data-sow-icon=\"&#xf218;\"\n\t\t \n\t\taria-hidden=\"true\"><\/span>\t\t\t\t\t\t\t<\/div>\n\t\t\t\t\t\t\t<div class=\"sow-accordion-close-button\">\n\t\t\t\t\t\t\t\t<span class=\"sow-icon-ionicons\" data-sow-icon=\"&#xf209;\"\n\t\t \n\t\taria-hidden=\"true\"><\/span>\t\t\t\t\t\t\t<\/div>\n\t\t\t\t\t\t<\/div>\n\t\t\t\t\t<\/div>\n\t\t\t\t<\/div>\n\n\t\t\t<div\n\t\t\t\tclass=\"sow-accordion-panel-content\"\n\t\t\t\trole=\"region\"\n\t\t\t\taria-labelledby=\"accordion-label-katere-po%c5%a1kotke-na%c5%a1a-stran-uporablja\"\n\t\t\t\tid=\"accordion-content-katere-po%c5%a1kotke-na%c5%a1a-stran-uporablja\"\n\t\t\t\tstyle=\"display: none;\"\t\t\t>\n\t\t\t\t<div class=\"sow-accordion-panel-border\">\n\t\t\t\t\t<div class=\"row font-weight-bold d-none d-md-flex\">\n<div class=\"col-md-2 p-1 p-md-2\"><strong>Ime pi\u0161kotka:<\/strong> LTD<\/div>\n<div class=\"col-md-4 p-1 p-md-2\"><strong>Namen uporabe:<\/strong> Statistika uporabe strani<\/div>\n<div class=\"col-md-2 p-1 p-md-2\"><strong>\u010cas trajanja- hrambe:<\/strong> 2 leti<\/div>\n<div class=\"col-md-4 p-1 p-md-2\"><strong>Podjetje:<\/strong> Google Analytics<\/div>\n<\/div>\n<div class=\"row align-items-center\">\n<div class=\"col-sm-6 col-md-2 p-1 p-md-2\"><\/div>\n<\/div>\n\t\t\t\t<\/div>\n\t\t\t<\/div>\n\t\t<\/div>\n\t\t\t<div class=\"sow-accordion-panel\n\t\t\t\t\t\"\n\t\t\t\tdata-anchor-id=\"nadzor-piskotkov\">\n\t\t\t\t\t<div class=\"sow-accordion-panel-header-container\" role=\"heading\" aria-level=\"2\">\n\t\t\t\t\t<div class=\"sow-accordion-panel-header\" tabindex=\"0\" role=\"button\" id=\"accordion-label-nadzor-pi%c5%a1kotkov\" aria-controls=\"accordion-content-nadzor-pi%c5%a1kotkov\" aria-expanded=\"false\">\n\t\t\t\t\t\t<div class=\"sow-accordion-title sow-accordion-title-icon-left\">\n\t\t\t\t\t\t\t\t\t\t\t\t\t\tNadzor pi\u0161kotkov\t\t\t\t\t\t\t\t\t\t\t\t\t<\/div>\n\t\t\t\t\t\t<div class=\"sow-accordion-open-close-button\">\n\t\t\t\t\t\t\t<div class=\"sow-accordion-open-button\">\n\t\t\t\t\t\t\t\t<span class=\"sow-icon-ionicons\" data-sow-icon=\"&#xf218;\"\n\t\t \n\t\taria-hidden=\"true\"><\/span>\t\t\t\t\t\t\t<\/div>\n\t\t\t\t\t\t\t<div class=\"sow-accordion-close-button\">\n\t\t\t\t\t\t\t\t<span class=\"sow-icon-ionicons\" data-sow-icon=\"&#xf209;\"\n\t\t \n\t\taria-hidden=\"true\"><\/span>\t\t\t\t\t\t\t<\/div>\n\t\t\t\t\t\t<\/div>\n\t\t\t\t\t<\/div>\n\t\t\t\t<\/div>\n\n\t\t\t<div\n\t\t\t\tclass=\"sow-accordion-panel-content\"\n\t\t\t\trole=\"region\"\n\t\t\t\taria-labelledby=\"accordion-label-nadzor-pi%c5%a1kotkov\"\n\t\t\t\tid=\"accordion-content-nadzor-pi%c5%a1kotkov\"\n\t\t\t\tstyle=\"display: none;\"\t\t\t>\n\t\t\t\t<div class=\"sow-accordion-panel-border\">\n\t\t\t\t\t<p>\u010ce \u017eelite spremeniti na\u010din uporabe pi\u0161kotkov v brskalniku, vklju\u010dno z blokiranjem ali izbrisom, lahko to storite z ustrezno spremembo nastavitev brskalnika. Podrobnej\u0161a navodila so predstavljena v nadaljevanju.<\/p>\n<p>Google Chrome<\/p>\n<ol>\n<li>Kliknite \u00bbOrodja\u00ab na vrhu va\u0161ega brskalnika in izberite \u00bbNastavitve\u00ab.<\/li>\n<li>Kliknite \u00bbPrika\u017ei dodatne nastavitve\u00ab, se pomaknite do razdelka \u00bbZasebnost\u00ab in kliknite gumb \u00bbNastavitve vsebine\u00ab.<\/li>\n<li>Izberite \u00bbDovoli nastavljanje lokalnih podatkov\u00ab.<\/li>\n<\/ol>\n<p>Microsoft Internet Explorer 6.0, 7.0, 8.0, 9.0<\/p>\n<ol>\n<li>Kliknite \u00bbOrodja\u00ab na vrhu va\u0161ega brskalnika in izberite \u00bbInternetne mo\u017enosti\u00ab, nato kliknite zavihek \u00bbZasebnost\u00ab.<\/li>\n<li>Preverite, da je raven va\u0161e zasebnosti nastavljena na srednjo ali manj, kar bo omogo\u010dilo uporabo pi\u0161kotkov v va\u0161em brskalniku.<\/li>\n<li>Nastavitev nad srednjo ravnijo bo onemogo\u010dila uporabo pi\u0161kotkov.<\/li>\n<\/ol>\n<p>Mozilla Firefox<\/p>\n<ol>\n<li>Kliknite \u00bbOrodja\u00ab na vrhu va\u0161ega brskalnika in izberite \u00bbMo\u017enosti\u00ab. &gt;<\/li>\n<li>Nato izberite ikono \u00bbZasebnost\u00ab. &gt;<\/li>\n<li>Kliknite \u00bbPi\u0161kotki\u00ab in izberite mo\u017enost \u00bbDovoli stranem, da ustvarijo pi\u0161kote\u00ab.<\/li>\n<\/ol>\n<p>Safari<\/p>\n<ol>\n<li>Kliknite ikono zobnika na vrhu va\u0161ega brskalnika in izberite mo\u017enost \u00bbNastavitve\u00ab.<\/li>\n<li>Kliknite \u00bbZasebnost\u00ab, nato ozna\u010dite mo\u017enost \u00bbOnemogo\u010di uporabo pi\u0161kotkov tretjih oseb in ogla\u0161evalnih pi\u0161kotkov\u00ab.<\/li>\n<li>Kliknite \u00bbShrani\u00ab.<\/li>\n<\/ol>\n<p><em><strong>Kako upravljati pi\u0161kotke na ra\u010dunalniku Mac<\/strong><\/em><\/p>\n<p>\u010ce \u017eelite omogo\u010diti pi\u0161kotke na\u0161e spletne strani, sledite spodnjim korakom.<\/p>\n<p>Microsoft Internet Explorer 5.0 on OSX<\/p>\n<ol>\n<li>Kliknite \u00bbExplorer\u00ab na vrhu va\u0161ega brskalnika in izberite mo\u017enost \u00bbNastavitve\u00ab.<\/li>\n<li>Pomaknite se navzdol do \u00bbPi\u0161kotki\u00ab v razdelku \u00bbPrejete datoteke\u00ab.<\/li>\n<li>Izberite mo\u017enost \u00bbNikoli ne vpra\u0161aj\u00ab.<\/li>\n<\/ol>\n<p>Safari on OSX<\/p>\n<ol>\n<li>Kliknite \u00bbSafari\u00ab na vrhu va\u0161ega brskalnika in izberite mo\u017enost \u00bbNastavitve\u00ab.<\/li>\n<li>Kliknite \u00bbZasebnost\u00ab in nato \u00bbOmogo\u010di uporabo pi\u0161kotkov\u00ab.<\/li>\n<li>Izberite \u00bbSamo na obiskanih straneh\u00ab.<\/li>\n<\/ol>\n<p>Mozilla and Netscape on OSX<\/p>\n<ol>\n<li>Kliknite \u00bbMozilla\u00ab ali \u00bbNetscape\u00ab na vrhu va\u0161ega brskalnika in izberite mo\u017enost \u00bbNastavitve\u00ab.<\/li>\n<li>Pomaknite se navzdol do \u00bbPi\u0161kotki\u00ab v razdelku \u00bbZasebnost in varnost\u00ab.<\/li>\n<li>Izberite \u00bbDovoli pi\u0161kotke samo za izvorno spletno stran\u00ab.<\/li>\n<\/ol>\n<p>Opera<\/p>\n<ol>\n<li>Kliknite \u00bbMeni\u00ab na vrhu va\u0161ega brskalnika in izberite \u00bbNastavitve\u00ab.<\/li>\n<li>Nato izberite \u00bbMo\u017enosti\u00ab in zavihek \u00bbNapredno\u00ab.<\/li>\n<li>Izberite mo\u017enost \u00bbOmogo\u010di uporabo pi\u0161kotkov\u00ab.<\/li>\n<\/ol>\n\t\t\t\t<\/div>\n\t\t\t<\/div>\n\t\t<\/div>\n\t\t<\/div>\n<\/div>\n<\/div><\/div><\/div><\/div><\/div>","protected":false},"excerpt":{"rendered":"<p>Pojasnila v vezi pi\u0161kotkov Uporaba pi\u0161kotkov Spletna stran\u00a0AS-NARTNIK.si\u00a0(e-po\u0161tna sporo\u010dila, spletne storitve, ogla\u0161evanje in interaktivne aplikacije za optimizacijo storitev itd.) uporablja pi\u0161kotke. S pi\u0161kotki vas osebno ne identificiramo. Uporabljamo jih samo za bolj\u0161e delovanje spleti\u0161\u010da. Z uporabo tega spletnega mesta se strinjate, da spletno mesto As-Nartnik.si nastavi pi\u0161kotke na va\u0161i napravi. Kaj so &#8220;pi\u0161kotki&#8221; Pi\u0161kotki so &hellip;<\/p>\n","protected":false},"author":2,"featured_media":0,"parent":0,"menu_order":0,"comment_status":"closed","ping_status":"closed","template":"","meta":{"_acf_changed":false,"footnotes":""},"class_list":["post-1385","page","type-page","status-publish","hentry"],"acf":[],"_links":{"self":[{"href":"https:\/\/as-nartnik.si\/index.php?rest_route=\/wp\/v2\/pages\/1385","targetHints":{"allow":["GET"]}}],"collection":[{"href":"https:\/\/as-nartnik.si\/index.php?rest_route=\/wp\/v2\/pages"}],"about":[{"href":"https:\/\/as-nartnik.si\/index.php?rest_route=\/wp\/v2\/types\/page"}],"author":[{"embeddable":true,"href":"https:\/\/as-nartnik.si\/index.php?rest_route=\/wp\/v2\/users\/2"}],"replies":[{"embeddable":true,"href":"https:\/\/as-nartnik.si\/index.php?rest_route=%2Fwp%2Fv2%2Fcomments&post=1385"}],"version-history":[{"count":11,"href":"https:\/\/as-nartnik.si\/index.php?rest_route=\/wp\/v2\/pages\/1385\/revisions"}],"predecessor-version":[{"id":1397,"href":"https:\/\/as-nartnik.si\/index.php?rest_route=\/wp\/v2\/pages\/1385\/revisions\/1397"}],"wp:attachment":[{"href":"https:\/\/as-nartnik.si\/index.php?rest_route=%2Fwp%2Fv2%2Fmedia&parent=1385"}],"curies":[{"name":"wp","href":"https:\/\/api.w.org\/{rel}","templated":true}]}}