{"id":1569,"date":"2020-03-27T21:07:25","date_gmt":"2020-03-27T21:07:25","guid":{"rendered":"https:\/\/as-nartnik.si\/?page_id=1569"},"modified":"2020-03-27T21:24:34","modified_gmt":"2020-03-27T21:24:34","slug":"1569-2","status":"publish","type":"page","link":"https:\/\/as-nartnik.si\/?page_id=1569","title":{"rendered":"Ponudba rabljenih vozil"},"content":{"rendered":"<div id=\"pl-1569\"  class=\"panel-layout\" ><div id=\"pg-1569-0\"  class=\"panel-grid panel-no-style\" ><div id=\"pgc-1569-0-0\"  class=\"panel-grid-cell\" ><div id=\"panel-1569-0-0-0\" class=\"so-panel widget widget_sow-image panel-first-child panel-last-child\" data-index=\"0\" ><div\n\t\t\t\n\t\t\tclass=\"so-widget-sow-image so-widget-sow-image-default-8b5b6f678277-1569\"\n\t\t\t\n\t\t>\n<div class=\"sow-image-container\">\n\t\t<img \n\tsrc=\"https:\/\/as-nartnik.si\/wp-content\/uploads\/2020\/03\/55e1dd4a4d55ad14f6d1867dda2f367a1d22dfe05b54724d762778d0_1920.jpg\" width=\"1920\" height=\"1459\" srcset=\"https:\/\/as-nartnik.si\/wp-content\/uploads\/2020\/03\/55e1dd4a4d55ad14f6d1867dda2f367a1d22dfe05b54724d762778d0_1920.jpg 1920w, https:\/\/as-nartnik.si\/wp-content\/uploads\/2020\/03\/55e1dd4a4d55ad14f6d1867dda2f367a1d22dfe05b54724d762778d0_1920-300x228.jpg 300w, https:\/\/as-nartnik.si\/wp-content\/uploads\/2020\/03\/55e1dd4a4d55ad14f6d1867dda2f367a1d22dfe05b54724d762778d0_1920-1024x778.jpg 1024w, https:\/\/as-nartnik.si\/wp-content\/uploads\/2020\/03\/55e1dd4a4d55ad14f6d1867dda2f367a1d22dfe05b54724d762778d0_1920-768x584.jpg 768w, https:\/\/as-nartnik.si\/wp-content\/uploads\/2020\/03\/55e1dd4a4d55ad14f6d1867dda2f367a1d22dfe05b54724d762778d0_1920-1536x1167.jpg 1536w, https:\/\/as-nartnik.si\/wp-content\/uploads\/2020\/03\/55e1dd4a4d55ad14f6d1867dda2f367a1d22dfe05b54724d762778d0_1920-540x410.jpg 540w, https:\/\/as-nartnik.si\/wp-content\/uploads\/2020\/03\/55e1dd4a4d55ad14f6d1867dda2f367a1d22dfe05b54724d762778d0_1920-600x456.jpg 600w\" sizes=\"(max-width: 1920px) 100vw, 1920px\" alt=\"\" \t\tclass=\"so-widget-image\"\/>\n\t<\/div>\n\n<\/div><\/div><\/div><div id=\"pgc-1569-0-1\"  class=\"panel-grid-cell\" ><div id=\"panel-1569-0-1-0\" class=\"so-panel widget widget_pw_steps widget-steps panel-first-child panel-last-child\" data-index=\"1\" >\n\t\t\t<h3 class=\"widget-title\"><span class=\"widget-title__inline\">Na\u010din prodaje<\/span><\/h3>\t\n\t<div class=\"steps\">\n\t\t\t\t\t<div class=\"step\">\n\t\t\t\t<div class=\"step__title\">\n\t\t\t\t\tIzpolnite obrazec\t\t\t\t<\/div>\n\t\t\t\t<p class=\"step__content\">\n\t\t\t\tProsimo, da obrazec izpolnite natan\u010dno in s preverljivimi podatki.\t\t\t\t<\/p>\n\t\t\t\t<div class=\"step__number\">\n\t\t\t\t\t1\t\t\t\t<\/div>\n\t\t\t<\/div>\n\t\t\t\t\t<div class=\"step\">\n\t\t\t\t<div class=\"step__title\">\n\t\t\t\t\tPregled vnosa\t\t\t\t<\/div>\n\t\t\t\t<p class=\"step__content\">\n\t\t\t\tPreden po\u0161ljete izpolnjeni obrazec prosimo, da ga skrbno preverite.\t\t\t\t<\/p>\n\t\t\t\t<div class=\"step__number\">\n\t\t\t\t\t2\t\t\t\t<\/div>\n\t\t\t<\/div>\n\t\t\t\t\t<div class=\"step\">\n\t\t\t\t<div class=\"step__title\">\n\t\t\t\t\tObjava na na\u0161i internetni strani\t\t\t\t<\/div>\n\t\t\t\t<p class=\"step__content\">\n\t\t\t\tVa\u0161e vozilo bo urednik strani objavil v najkraj\u0161em mo\u017enem \u010dasu. Za vse vnose in to\u010dnost podatkov jam\u010dite sami z potrditvijo gumba \"Submit\"\t\t\t\t<\/p>\n\t\t\t\t<div class=\"step__number\">\n\t\t\t\t\t3\t\t\t\t<\/div>\n\t\t\t<\/div>\n\t\t\t\t\t<div class=\"step\">\n\t\t\t\t<div class=\"step__title\">\n\t\t\t\t\tKomunikacija in prodaja vozila\t\t\t\t<\/div>\n\t\t\t\t<p class=\"step__content\">\n\t\t\t\tVso komunikacija med ponudnikom in kupcem poteka  samostojno in se v njo ne vklju\u010dujemo. Za vozila prodana ne dajemo nikakr\u0161ne garancije razen v primeru druga\u010dnega dogovora s ponudnikom.\t\t\t\t<\/p>\n\t\t\t\t<div class=\"step__number\">\n\t\t\t\t\t4\t\t\t\t<\/div>\n\t\t\t<\/div>\n\t\t\t<\/div>\n\n<\/div><\/div><\/div><div id=\"pg-1569-1\"  class=\"panel-grid panel-no-style\" ><div id=\"pgc-1569-1-0\"  class=\"panel-grid-cell\" ><div id=\"panel-1569-1-0-0\" class=\"so-panel widget widget_sow-editor panel-first-child\" data-index=\"2\" ><div\n\t\t\t\n\t\t\tclass=\"so-widget-sow-editor so-widget-sow-editor-base\"\n\t\t\t\n\t\t>\n<div class=\"siteorigin-widget-tinymce textwidget\">\n\t<h3>Obrazec za objavo vozila<\/h3>\n<hr \/>\n<p>&nbsp;<\/p>\n<\/div>\n<\/div><\/div><div id=\"panel-1569-1-0-1\" class=\"so-panel widget panel-last-child\" data-index=\"3\" ><\/div><\/div><\/div><div id=\"pg-1569-2\"  class=\"panel-grid panel-no-style\" ><div id=\"pgc-1569-2-0\"  class=\"panel-grid-cell\" ><div id=\"panel-1569-2-0-0\" class=\"so-panel widget widget_pw_portfolio_grid widget-portfolio-grid panel-first-child panel-last-child\" data-index=\"4\" >\t\t\t\t\t<div class=\"portfolio-grid  portfolio-grid--grid\" data-type=\"grid\">\n\t\t\t\t\t\t\t\t\t<nav class=\"portfolio-grid__header\">\n\t\t\t\t\t\n\t\t\t\t\t<a href=\"#\" class=\"portfolio-grid__mobile-filter  js-filter  btn  btn-primary  btn-sm  d-lg-none\">\n\t\t\t\t\t\t<span class=\"fa  fa-filter\"><\/span> &nbsp;\n\t\t\t\t\t\tFILTER\t\t\t\t\t<\/a>\n\n\t\t\t\t\t<ul class=\"portfolio-grid__nav  js-wpg-nav-holder\">\n\t\t\t\t\t\t<li class=\"portfolio-grid__nav-item  portfolio-grid__nav-item--text\">Demo vnosi:<\/li>\n\t\t\t\t\t\t<li class=\"portfolio-grid__nav-item  is-active  is-disabled\" style=\"display:none;\">\n\t\t\t\t\t\t\t<a href=\"#widget-2-0-0-all\" data-category=\"*\" class=\"portfolio-grid__nav-link  js-wpg-nav\"><\/a>\n\t\t\t\t\t\t<\/li>\n\t\t\t\t\t\t\t\t\t\t\t\t\t<li class=\"portfolio-grid__nav-item\">\n\t\t\t\t\t\t\t\t<a href=\"#widget-2-0-0-ford\" data-category=\"cars\" class=\"portfolio-grid__nav-link  js-wpg-nav\">FORD<\/a>\n\t\t\t\t\t\t\t<\/li>\n\t\t\t\t\t\t\t\t\t\t\t\t\t<li class=\"portfolio-grid__nav-item\">\n\t\t\t\t\t\t\t\t<a href=\"#widget-2-0-0-porche\" data-category=\"porche\" class=\"portfolio-grid__nav-link  js-wpg-nav\">PORCHE<\/a>\n\t\t\t\t\t\t\t<\/li>\n\t\t\t\t\t\t\t\t\t\t\t\t\t<li class=\"portfolio-grid__nav-item\">\n\t\t\t\t\t\t\t\t<a href=\"#widget-2-0-0-delta-romeo\" data-category=\"delta-romeo\" class=\"portfolio-grid__nav-link  js-wpg-nav\">DELTA ROMEO<\/a>\n\t\t\t\t\t\t\t<\/li>\n\t\t\t\t\t\t\t\t\t\t\t\t\t<li class=\"portfolio-grid__nav-item\">\n\t\t\t\t\t\t\t\t<a href=\"#widget-2-0-0-audi\" data-category=\"audi\" class=\"portfolio-grid__nav-link  js-wpg-nav\">AUDI<\/a>\n\t\t\t\t\t\t\t<\/li>\n\t\t\t\t\t\t\t\t\t\t\t<\/ul>\n\t\t\t\t<\/nav>\n\t\t\t\t\t\t\t\t\t<div class=\"js-wpg-items\">\n\t\t\t\t\t\t\t<div class=\"row\">\n\t\t\t\t\t\t\t\t\t\t<div class=\"col-12  col-sm-6  col-lg-3  js-wpg-item\" data-categories=\"delta-romeo,cars\">\n\t\t\t\t<a class=\"card  portfolio-grid__card  js-wpg-card\" href=\"https:\/\/as-nartnik.si\/?portfolio=bwm-cabriolet\">\n\t\t\t\t\t<img loading=\"lazy\" decoding=\"async\" width=\"360\" height=\"180\" src=\"https:\/\/as-nartnik.si\/wp-content\/uploads\/2016\/02\/33-360x180.jpg\" class=\"card-img-top  portfolio-grid__card-img wp-post-image\" alt=\"\" srcset=\"https:\/\/as-nartnik.si\/wp-content\/uploads\/2016\/02\/33-360x180.jpg 360w, https:\/\/as-nartnik.si\/wp-content\/uploads\/2016\/02\/33-300x150.jpg 300w, https:\/\/as-nartnik.si\/wp-content\/uploads\/2016\/02\/33-768x384.jpg 768w, https:\/\/as-nartnik.si\/wp-content\/uploads\/2016\/02\/33-540x270.jpg 540w, https:\/\/as-nartnik.si\/wp-content\/uploads\/2016\/02\/33-600x300.jpg 600w, https:\/\/as-nartnik.si\/wp-content\/uploads\/2016\/02\/33.jpg 830w\" sizes=\"auto, (max-width: 360px) 100vw, 360px\" \/>\t\t\t\t\t<div class=\"card-block  portfolio-grid__card-block\">\n\t\t\t\t\t\t<h5 class=\"card-title  portfolio-grid__card-title\">Delta Romeo Cabriolet<\/h5>\n\t\t\t\t\t\t\t\t\t\t\t\t\t<p class=\"portfolio-grid__card-price\">40.000\u20ac<\/p>\n\t\t\t\t\t\t\t\t\t\t\t\t\t\t\t\t\t\t\t<div class=\"portfolio-grid__card-items\">\n\t\t\t\t\t\t\t\t\t\t\t\t\t\t\t\t\t<p class=\"portfolio-grid__card-item\">\n\t\t\t\t\t\t\t\t\t\tRabljeno\t\t\t\t\t\t\t\t\t<\/p>\n\t\t\t\t\t\t\t\t\t\t\t\t\t\t\t\t\t<p class=\"portfolio-grid__card-item\">\n\t\t\t\t\t\t\t\t\t\t2010\t\t\t\t\t\t\t\t\t<\/p>\n\t\t\t\t\t\t\t\t\t\t\t\t\t\t\t\t\t<p class=\"portfolio-grid__card-item\">\n\t\t\t\t\t\t\t\t\t\t50.000 km\t\t\t\t\t\t\t\t\t<\/p>\n\t\t\t\t\t\t\t\t\t\t\t\t\t\t\t<\/div>\n\t\t\t\t\t\t\t\t\t\t\t<\/div>\n\t\t\t\t<\/a>\n\t\t\t<\/div>\n\t\t\t\t\t\t<div class=\"col-12  col-sm-6  col-lg-3  js-wpg-item\" data-categories=\"porche\">\n\t\t\t\t<a class=\"card  portfolio-grid__card  js-wpg-card\" href=\"https:\/\/as-nartnik.si\/?portfolio=audi-beatle\">\n\t\t\t\t\t<img loading=\"lazy\" decoding=\"async\" width=\"360\" height=\"180\" src=\"https:\/\/as-nartnik.si\/wp-content\/uploads\/2016\/02\/37-360x180.jpg\" class=\"card-img-top  portfolio-grid__card-img wp-post-image\" alt=\"\" srcset=\"https:\/\/as-nartnik.si\/wp-content\/uploads\/2016\/02\/37-360x180.jpg 360w, https:\/\/as-nartnik.si\/wp-content\/uploads\/2016\/02\/37-300x150.jpg 300w, https:\/\/as-nartnik.si\/wp-content\/uploads\/2016\/02\/37-768x384.jpg 768w, https:\/\/as-nartnik.si\/wp-content\/uploads\/2016\/02\/37-540x270.jpg 540w, https:\/\/as-nartnik.si\/wp-content\/uploads\/2016\/02\/37-600x300.jpg 600w, https:\/\/as-nartnik.si\/wp-content\/uploads\/2016\/02\/37.jpg 830w\" sizes=\"auto, (max-width: 360px) 100vw, 360px\" \/>\t\t\t\t\t<div class=\"card-block  portfolio-grid__card-block\">\n\t\t\t\t\t\t<h5 class=\"card-title  portfolio-grid__card-title\">Audi Beatle<\/h5>\n\t\t\t\t\t\t\t\t\t\t\t\t\t<p class=\"portfolio-grid__card-price\">15.000 \u20ac<\/p>\n\t\t\t\t\t\t\t\t\t\t\t\t\t\t\t\t\t\t\t<div class=\"portfolio-grid__card-items\">\n\t\t\t\t\t\t\t\t\t\t\t\t\t\t\t\t\t<p class=\"portfolio-grid__card-item\">\n\t\t\t\t\t\t\t\t\t\tRabljen\t\t\t\t\t\t\t\t\t<\/p>\n\t\t\t\t\t\t\t\t\t\t\t\t\t\t\t\t\t<p class=\"portfolio-grid__card-item\">\n\t\t\t\t\t\t\t\t\t\t2005\t\t\t\t\t\t\t\t\t<\/p>\n\t\t\t\t\t\t\t\t\t\t\t\t\t\t\t\t\t<p class=\"portfolio-grid__card-item\">\n\t\t\t\t\t\t\t\t\t\t90.00 km\t\t\t\t\t\t\t\t\t<\/p>\n\t\t\t\t\t\t\t\t\t\t\t\t\t\t\t\t\t<p class=\"portfolio-grid__card-item\">\n\t\t\t\t\t\t\t\t\t\t2\t\t\t\t\t\t\t\t\t<\/p>\n\t\t\t\t\t\t\t\t\t\t\t\t\t\t\t\t\t<p class=\"portfolio-grid__card-item\">\n\t\t\t\t\t\t\t\t\t\t100 kW\t\t\t\t\t\t\t\t\t<\/p>\n\t\t\t\t\t\t\t\t\t\t\t\t\t\t\t\t\t<p class=\"portfolio-grid__card-item\">\n\t\t\t\t\t\t\t\t\t\tRumena\t\t\t\t\t\t\t\t\t<\/p>\n\t\t\t\t\t\t\t\t\t\t\t\t\t\t\t<\/div>\n\t\t\t\t\t\t\t\t\t\t\t<\/div>\n\t\t\t\t<\/a>\n\t\t\t<\/div>\n\t\t\t\t\t\t<div class=\"col-12  col-sm-6  col-lg-3  js-wpg-item\" data-categories=\"cars,porche\">\n\t\t\t\t<a class=\"card  portfolio-grid__card  js-wpg-card\" href=\"https:\/\/as-nartnik.si\/?portfolio=porche-velocita-4-0\">\n\t\t\t\t\t<img loading=\"lazy\" decoding=\"async\" width=\"360\" height=\"180\" src=\"https:\/\/as-nartnik.si\/wp-content\/uploads\/2016\/02\/31-360x180.jpg\" class=\"card-img-top  portfolio-grid__card-img wp-post-image\" alt=\"\" srcset=\"https:\/\/as-nartnik.si\/wp-content\/uploads\/2016\/02\/31-360x180.jpg 360w, https:\/\/as-nartnik.si\/wp-content\/uploads\/2016\/02\/31-300x150.jpg 300w, https:\/\/as-nartnik.si\/wp-content\/uploads\/2016\/02\/31-768x384.jpg 768w, https:\/\/as-nartnik.si\/wp-content\/uploads\/2016\/02\/31-540x270.jpg 540w, https:\/\/as-nartnik.si\/wp-content\/uploads\/2016\/02\/31-600x300.jpg 600w, https:\/\/as-nartnik.si\/wp-content\/uploads\/2016\/02\/31.jpg 830w\" sizes=\"auto, (max-width: 360px) 100vw, 360px\" \/>\t\t\t\t\t<div class=\"card-block  portfolio-grid__card-block\">\n\t\t\t\t\t\t<h5 class=\"card-title  portfolio-grid__card-title\">Porche Velocita 4.0<\/h5>\n\t\t\t\t\t\t\t\t\t\t\t\t\t<p class=\"portfolio-grid__card-price\">130.000 \u20ac<\/p>\n\t\t\t\t\t\t\t\t\t\t\t\t\t\t\t\t\t\t\t<div class=\"portfolio-grid__card-items\">\n\t\t\t\t\t\t\t\t\t\t\t\t\t\t\t\t\t<p class=\"portfolio-grid__card-item\">\n\t\t\t\t\t\t\t\t\t\tNovo\t\t\t\t\t\t\t\t\t<\/p>\n\t\t\t\t\t\t\t\t\t\t\t\t\t\t\t\t\t<p class=\"portfolio-grid__card-item\">\n\t\t\t\t\t\t\t\t\t\t2016\t\t\t\t\t\t\t\t\t<\/p>\n\t\t\t\t\t\t\t\t\t\t\t\t\t\t\t\t\t<p class=\"portfolio-grid__card-item\">\n\t\t\t\t\t\t\t\t\t\t10 km\t\t\t\t\t\t\t\t\t<\/p>\n\t\t\t\t\t\t\t\t\t\t\t\t\t\t\t\t\t<p class=\"portfolio-grid__card-item\">\n\t\t\t\t\t\t\t\t\t\t5 sede\u017eev\t\t\t\t\t\t\t\t\t<\/p>\n\t\t\t\t\t\t\t\t\t\t\t\t\t\t\t\t\t<p class=\"portfolio-grid__card-item\">\n\t\t\t\t\t\t\t\t\t\t800 kW\t\t\t\t\t\t\t\t\t<\/p>\n\t\t\t\t\t\t\t\t\t\t\t\t\t\t\t\t\t<p class=\"portfolio-grid__card-item\">\n\t\t\t\t\t\t\t\t\t\t\u010crno\/Bela\t\t\t\t\t\t\t\t\t<\/p>\n\t\t\t\t\t\t\t\t\t\t\t\t\t\t\t<\/div>\n\t\t\t\t\t\t\t\t\t\t\t<\/div>\n\t\t\t\t<\/a>\n\t\t\t<\/div>\n\t\t\t\t\t\t<div class=\"col-12  col-sm-6  col-lg-3  js-wpg-item\" data-categories=\"cars\">\n\t\t\t\t<a class=\"card  portfolio-grid__card  js-wpg-card\" href=\"https:\/\/as-nartnik.si\/?portfolio=maserati-quattroporte-16\">\n\t\t\t\t\t<img loading=\"lazy\" decoding=\"async\" width=\"360\" height=\"180\" src=\"https:\/\/as-nartnik.si\/wp-content\/uploads\/2016\/02\/26-360x180.jpg\" class=\"card-img-top  portfolio-grid__card-img wp-post-image\" alt=\"\" srcset=\"https:\/\/as-nartnik.si\/wp-content\/uploads\/2016\/02\/26-360x180.jpg 360w, https:\/\/as-nartnik.si\/wp-content\/uploads\/2016\/02\/26-300x150.jpg 300w, https:\/\/as-nartnik.si\/wp-content\/uploads\/2016\/02\/26-768x384.jpg 768w, https:\/\/as-nartnik.si\/wp-content\/uploads\/2016\/02\/26-540x270.jpg 540w, https:\/\/as-nartnik.si\/wp-content\/uploads\/2016\/02\/26-600x300.jpg 600w, https:\/\/as-nartnik.si\/wp-content\/uploads\/2016\/02\/26.jpg 830w\" sizes=\"auto, (max-width: 360px) 100vw, 360px\" \/>\t\t\t\t\t<div class=\"card-block  portfolio-grid__card-block\">\n\t\t\t\t\t\t<h5 class=\"card-title  portfolio-grid__card-title\">Maserati QUATTROPORTE 1,6<\/h5>\n\t\t\t\t\t\t\t\t\t\t\t\t\t<p class=\"portfolio-grid__card-price\">60.000 \u20ac<\/p>\n\t\t\t\t\t\t\t\t\t\t\t\t\t\t\t\t\t\t\t<div class=\"portfolio-grid__card-items\">\n\t\t\t\t\t\t\t\t\t\t\t\t\t\t\t\t\t<p class=\"portfolio-grid__card-item\">\n\t\t\t\t\t\t\t\t\t\tRabljen\t\t\t\t\t\t\t\t\t<\/p>\n\t\t\t\t\t\t\t\t\t\t\t\t\t\t\t\t\t<p class=\"portfolio-grid__card-item\">\n\t\t\t\t\t\t\t\t\t\t2008\t\t\t\t\t\t\t\t\t<\/p>\n\t\t\t\t\t\t\t\t\t\t\t\t\t\t\t\t\t<p class=\"portfolio-grid__card-item\">\n\t\t\t\t\t\t\t\t\t\t30.000 Km\t\t\t\t\t\t\t\t\t<\/p>\n\t\t\t\t\t\t\t\t\t\t\t\t\t\t\t\t\t<p class=\"portfolio-grid__card-item\">\n\t\t\t\t\t\t\t\t\t\t5 sede\u017eev\t\t\t\t\t\t\t\t\t<\/p>\n\t\t\t\t\t\t\t\t\t\t\t\t\t\t\t\t\t<p class=\"portfolio-grid__card-item\">\n\t\t\t\t\t\t\t\t\t\t143 kW\t\t\t\t\t\t\t\t\t<\/p>\n\t\t\t\t\t\t\t\t\t\t\t\t\t\t\t<\/div>\n\t\t\t\t\t\t\t\t\t\t\t<\/div>\n\t\t\t\t<\/a>\n\t\t\t<\/div>\n\t\t\t<\/div><div class=\"row\">\t\t\t<div class=\"col-12  col-sm-6  col-lg-3  js-wpg-item\" data-categories=\"cars,porche\">\n\t\t\t\t<a class=\"card  portfolio-grid__card  js-wpg-card\" href=\"https:\/\/as-nartnik.si\/?portfolio=porche-vendeta\">\n\t\t\t\t\t<img loading=\"lazy\" decoding=\"async\" width=\"360\" height=\"180\" src=\"https:\/\/as-nartnik.si\/wp-content\/uploads\/2016\/02\/28-360x180.jpg\" class=\"card-img-top  portfolio-grid__card-img wp-post-image\" alt=\"\" srcset=\"https:\/\/as-nartnik.si\/wp-content\/uploads\/2016\/02\/28-360x180.jpg 360w, https:\/\/as-nartnik.si\/wp-content\/uploads\/2016\/02\/28-300x150.jpg 300w, https:\/\/as-nartnik.si\/wp-content\/uploads\/2016\/02\/28-768x384.jpg 768w, https:\/\/as-nartnik.si\/wp-content\/uploads\/2016\/02\/28-540x270.jpg 540w, https:\/\/as-nartnik.si\/wp-content\/uploads\/2016\/02\/28-600x300.jpg 600w, https:\/\/as-nartnik.si\/wp-content\/uploads\/2016\/02\/28.jpg 830w\" sizes=\"auto, (max-width: 360px) 100vw, 360px\" \/>\t\t\t\t\t<div class=\"card-block  portfolio-grid__card-block\">\n\t\t\t\t\t\t<h5 class=\"card-title  portfolio-grid__card-title\">Porche Vendeta<\/h5>\n\t\t\t\t\t\t\t\t\t\t\t\t\t<p class=\"portfolio-grid__card-price\">75.000 \u20ac<\/p>\n\t\t\t\t\t\t\t\t\t\t\t\t\t\t\t\t\t\t\t<div class=\"portfolio-grid__card-items\">\n\t\t\t\t\t\t\t\t\t\t\t\t\t\t\t\t\t<p class=\"portfolio-grid__card-item\">\n\t\t\t\t\t\t\t\t\t\tRabljen\t\t\t\t\t\t\t\t\t<\/p>\n\t\t\t\t\t\t\t\t\t\t\t\t\t\t\t\t\t<p class=\"portfolio-grid__card-item\">\n\t\t\t\t\t\t\t\t\t\t2016\t\t\t\t\t\t\t\t\t<\/p>\n\t\t\t\t\t\t\t\t\t\t\t\t\t\t\t\t\t<p class=\"portfolio-grid__card-item\">\n\t\t\t\t\t\t\t\t\t\t60.000 km\t\t\t\t\t\t\t\t\t<\/p>\n\t\t\t\t\t\t\t\t\t\t\t\t\t\t\t\t\t<p class=\"portfolio-grid__card-item\">\n\t\t\t\t\t\t\t\t\t\t5\t\t\t\t\t\t\t\t\t<\/p>\n\t\t\t\t\t\t\t\t\t\t\t\t\t\t\t\t\t<p class=\"portfolio-grid__card-item\">\n\t\t\t\t\t\t\t\t\t\t400 kW\t\t\t\t\t\t\t\t\t<\/p>\n\t\t\t\t\t\t\t\t\t\t\t\t\t\t\t\t\t<p class=\"portfolio-grid__card-item\">\n\t\t\t\t\t\t\t\t\t\tOran\u017ena\t\t\t\t\t\t\t\t\t<\/p>\n\t\t\t\t\t\t\t\t\t\t\t\t\t\t\t<\/div>\n\t\t\t\t\t\t\t\t\t\t\t<\/div>\n\t\t\t\t<\/a>\n\t\t\t<\/div>\n\t\t\t\t\t\t<div class=\"col-12  col-sm-6  col-lg-3  js-wpg-item\" data-categories=\"audi\">\n\t\t\t\t<a class=\"card  portfolio-grid__card  js-wpg-card\" href=\"https:\/\/as-nartnik.si\/?portfolio=audi-facade\">\n\t\t\t\t\t<img loading=\"lazy\" decoding=\"async\" width=\"360\" height=\"180\" src=\"https:\/\/as-nartnik.si\/wp-content\/uploads\/2016\/02\/35-360x180.jpg\" class=\"card-img-top  portfolio-grid__card-img wp-post-image\" alt=\"\" srcset=\"https:\/\/as-nartnik.si\/wp-content\/uploads\/2016\/02\/35-360x180.jpg 360w, https:\/\/as-nartnik.si\/wp-content\/uploads\/2016\/02\/35-300x150.jpg 300w, https:\/\/as-nartnik.si\/wp-content\/uploads\/2016\/02\/35-768x384.jpg 768w, https:\/\/as-nartnik.si\/wp-content\/uploads\/2016\/02\/35-540x270.jpg 540w, https:\/\/as-nartnik.si\/wp-content\/uploads\/2016\/02\/35-600x300.jpg 600w, https:\/\/as-nartnik.si\/wp-content\/uploads\/2016\/02\/35.jpg 830w\" sizes=\"auto, (max-width: 360px) 100vw, 360px\" \/>\t\t\t\t\t<div class=\"card-block  portfolio-grid__card-block\">\n\t\t\t\t\t\t<h5 class=\"card-title  portfolio-grid__card-title\">Audi Facade<\/h5>\n\t\t\t\t\t\t\t\t\t\t\t\t\t<p class=\"portfolio-grid__card-price\">20.000 \u20ac<\/p>\n\t\t\t\t\t\t\t\t\t\t\t\t\t\t\t\t\t\t\t<div class=\"portfolio-grid__card-items\">\n\t\t\t\t\t\t\t\t\t\t\t\t\t\t\t\t\t<p class=\"portfolio-grid__card-item\">\n\t\t\t\t\t\t\t\t\t\tBrand New\t\t\t\t\t\t\t\t\t<\/p>\n\t\t\t\t\t\t\t\t\t\t\t\t\t\t\t\t\t<p class=\"portfolio-grid__card-item\">\n\t\t\t\t\t\t\t\t\t\t2016\t\t\t\t\t\t\t\t\t<\/p>\n\t\t\t\t\t\t\t\t\t\t\t\t\t\t\t\t\t<p class=\"portfolio-grid__card-item\">\n\t\t\t\t\t\t\t\t\t\t6 km\t\t\t\t\t\t\t\t\t<\/p>\n\t\t\t\t\t\t\t\t\t\t\t\t\t\t\t\t\t<p class=\"portfolio-grid__card-item\">\n\t\t\t\t\t\t\t\t\t\t5\t\t\t\t\t\t\t\t\t<\/p>\n\t\t\t\t\t\t\t\t\t\t\t\t\t\t\t\t\t<p class=\"portfolio-grid__card-item\">\n\t\t\t\t\t\t\t\t\t\t200kW\t\t\t\t\t\t\t\t\t<\/p>\n\t\t\t\t\t\t\t\t\t\t\t\t\t\t\t\t\t<p class=\"portfolio-grid__card-item\">\n\t\t\t\t\t\t\t\t\t\tRde\u010da\t\t\t\t\t\t\t\t\t<\/p>\n\t\t\t\t\t\t\t\t\t\t\t\t\t\t\t<\/div>\n\t\t\t\t\t\t\t\t\t\t\t<\/div>\n\t\t\t\t<\/a>\n\t\t\t<\/div>\n\t\t\t\t\t\t<div class=\"col-12  col-sm-6  col-lg-3  js-wpg-item\" data-categories=\"delta-romeo,cars\">\n\t\t\t\t<a class=\"card  portfolio-grid__card  js-wpg-card\" href=\"https:\/\/as-nartnik.si\/?portfolio=delta-romeo-corvete\">\n\t\t\t\t\t<img loading=\"lazy\" decoding=\"async\" width=\"360\" height=\"180\" src=\"https:\/\/as-nartnik.si\/wp-content\/uploads\/2016\/02\/30-360x180.jpg\" class=\"card-img-top  portfolio-grid__card-img wp-post-image\" alt=\"\" srcset=\"https:\/\/as-nartnik.si\/wp-content\/uploads\/2016\/02\/30-360x180.jpg 360w, https:\/\/as-nartnik.si\/wp-content\/uploads\/2016\/02\/30-300x150.jpg 300w, https:\/\/as-nartnik.si\/wp-content\/uploads\/2016\/02\/30-768x384.jpg 768w, https:\/\/as-nartnik.si\/wp-content\/uploads\/2016\/02\/30-540x270.jpg 540w, https:\/\/as-nartnik.si\/wp-content\/uploads\/2016\/02\/30-600x300.jpg 600w, https:\/\/as-nartnik.si\/wp-content\/uploads\/2016\/02\/30.jpg 830w\" sizes=\"auto, (max-width: 360px) 100vw, 360px\" \/>\t\t\t\t\t<div class=\"card-block  portfolio-grid__card-block\">\n\t\t\t\t\t\t<h5 class=\"card-title  portfolio-grid__card-title\">Delta Romeo Corvete<\/h5>\n\t\t\t\t\t\t\t\t\t\t\t\t\t<p class=\"portfolio-grid__card-price\">90.000 \u20ac<\/p>\n\t\t\t\t\t\t\t\t\t\t\t\t\t\t\t\t\t\t\t<div class=\"portfolio-grid__card-items\">\n\t\t\t\t\t\t\t\t\t\t\t\t\t\t\t\t\t<p class=\"portfolio-grid__card-item\">\n\t\t\t\t\t\t\t\t\t\tRabljeno\t\t\t\t\t\t\t\t\t<\/p>\n\t\t\t\t\t\t\t\t\t\t\t\t\t\t\t\t\t<p class=\"portfolio-grid__card-item\">\n\t\t\t\t\t\t\t\t\t\t1990\t\t\t\t\t\t\t\t\t<\/p>\n\t\t\t\t\t\t\t\t\t\t\t\t\t\t\t\t\t<p class=\"portfolio-grid__card-item\">\n\t\t\t\t\t\t\t\t\t\t90.000 km\t\t\t\t\t\t\t\t\t<\/p>\n\t\t\t\t\t\t\t\t\t\t\t\t\t\t\t\t\t<p class=\"portfolio-grid__card-item\">\n\t\t\t\t\t\t\t\t\t\t5\t\t\t\t\t\t\t\t\t<\/p>\n\t\t\t\t\t\t\t\t\t\t\t\t\t\t\t\t\t<p class=\"portfolio-grid__card-item\">\n\t\t\t\t\t\t\t\t\t\t60 kW\t\t\t\t\t\t\t\t\t<\/p>\n\t\t\t\t\t\t\t\t\t\t\t\t\t\t\t\t\t<p class=\"portfolio-grid__card-item\">\n\t\t\t\t\t\t\t\t\t\tBeige\t\t\t\t\t\t\t\t\t<\/p>\n\t\t\t\t\t\t\t\t\t\t\t\t\t\t\t<\/div>\n\t\t\t\t\t\t\t\t\t\t\t<\/div>\n\t\t\t\t<\/a>\n\t\t\t<\/div>\n\t\t\t\t\t\t\t\t\t\t<\/div>\n\t\t\t\t\t\t<\/div>\n\t\t\t\t\t<\/div>\n\t\t\t\t\t<\/div><\/div><\/div><\/div>","protected":false},"excerpt":{"rendered":"<p>Obrazec za objavo vozila &nbsp;<\/p>\n","protected":false},"author":2,"featured_media":0,"parent":0,"menu_order":0,"comment_status":"closed","ping_status":"closed","template":"","meta":{"_acf_changed":false,"footnotes":""},"class_list":["post-1569","page","type-page","status-publish","hentry"],"acf":[],"_links":{"self":[{"href":"https:\/\/as-nartnik.si\/index.php?rest_route=\/wp\/v2\/pages\/1569","targetHints":{"allow":["GET"]}}],"collection":[{"href":"https:\/\/as-nartnik.si\/index.php?rest_route=\/wp\/v2\/pages"}],"about":[{"href":"https:\/\/as-nartnik.si\/index.php?rest_route=\/wp\/v2\/types\/page"}],"author":[{"embeddable":true,"href":"https:\/\/as-nartnik.si\/index.php?rest_route=\/wp\/v2\/users\/2"}],"replies":[{"embeddable":true,"href":"https:\/\/as-nartnik.si\/index.php?rest_route=%2Fwp%2Fv2%2Fcomments&post=1569"}],"version-history":[{"count":21,"href":"https:\/\/as-nartnik.si\/index.php?rest_route=\/wp\/v2\/pages\/1569\/revisions"}],"predecessor-version":[{"id":1591,"href":"https:\/\/as-nartnik.si\/index.php?rest_route=\/wp\/v2\/pages\/1569\/revisions\/1591"}],"wp:attachment":[{"href":"https:\/\/as-nartnik.si\/index.php?rest_route=%2Fwp%2Fv2%2Fmedia&parent=1569"}],"curies":[{"name":"wp","href":"https:\/\/api.w.org\/{rel}","templated":true}]}}