{"id":172,"date":"2020-02-25T17:31:40","date_gmt":"2020-02-25T17:31:40","guid":{"rendered":"https:\/\/xml-io.proteusthemes.com\/auto\/?page_id=172"},"modified":"2020-03-29T09:53:43","modified_gmt":"2020-03-29T09:53:43","slug":"services","status":"publish","type":"page","link":"https:\/\/as-nartnik.si\/?page_id=172","title":{"rendered":"Storitve"},"content":{"rendered":"<div id=\"pl-172\"  class=\"panel-layout\" ><div id=\"pg-172-0\"  class=\"panel-grid panel-no-style\" ><div id=\"pgc-172-0-0\"  class=\"panel-grid-cell\" ><div id=\"panel-172-0-0-0\" class=\"so-panel widget widget_pw_featured_page widget-featured-page panel-first-child panel-last-child\" data-index=\"0\" >\n\t<div class=\"page-box  page-box--block\">\n\t\t\t\t\t<a class=\"page-box__picture\" href=\"https:\/\/as-nartnik.si\/?page_id=197\">\n\t\t\t\t<img loading=\"lazy\" decoding=\"async\" src=\"https:\/\/as-nartnik.si\/wp-content\/uploads\/2016\/03\/42-360x180.jpg\" width=\"360\" height=\"180\" srcset=\"https:\/\/as-nartnik.si\/wp-content\/uploads\/2016\/03\/42-360x180.jpg 360w, https:\/\/as-nartnik.si\/wp-content\/uploads\/2016\/03\/42.jpg 830w\" sizes=\"auto, (min-width: 1200px) 255px, (min-width: 992px) 205px, (min-width: 768px) 692px, calc(100vw - 30px)\" class=\"wp-post-image\" alt=\"Servis vozil\">\n\t\t\t\t\t\t\t<\/a>\n\t\t\t\t<div class=\"page-box__content\">\n\t\t\t<h4 class=\"page-box__title\"><a href=\"https:\/\/as-nartnik.si\/?page_id=197\">Servis vozil<\/a><\/h4>\n\t\t\t<p class=\"page-box__text\">Servis za Osebna in Lahka dostavna vozila\nSkrb za vozilo in kvalitetno preventivno vzdr\u017eevanje podalj\u0161ata \u017eivljenjsko dobo vozila, v veliki &hellip;<\/p>\n\t\t\t\t\t\t\t<a href=\"https:\/\/as-nartnik.si\/?page_id=197\" class=\"page-box__more-link\">Preberi ve\u010d<\/a>\n\t\t\t\t\t<\/div>\n\t<\/div>\n\n<\/div><\/div><div id=\"pgc-172-0-1\"  class=\"panel-grid-cell\" ><div id=\"panel-172-0-1-0\" class=\"so-panel widget widget_pw_featured_page widget-featured-page panel-first-child panel-last-child\" data-index=\"1\" >\n\t<div class=\"page-box  page-box--block\">\n\t\t\t\t\t<a class=\"page-box__picture\" href=\"https:\/\/as-nartnik.si\/?page_id=1061\">\n\t\t\t\t<img loading=\"lazy\" decoding=\"async\" src=\"https:\/\/as-nartnik.si\/wp-content\/uploads\/2020\/03\/Nartnik9-360x180.jpg\" width=\"360\" height=\"180\" srcset=\"https:\/\/as-nartnik.si\/wp-content\/uploads\/2020\/03\/Nartnik9-360x180.jpg 360w, https:\/\/as-nartnik.si\/wp-content\/uploads\/2020\/03\/Nartnik9.jpg 849w\" sizes=\"auto, (min-width: 1200px) 255px, (min-width: 992px) 205px, (min-width: 768px) 692px, calc(100vw - 30px)\" class=\"wp-post-image\" alt=\"Obnova motorjev\">\n\t\t\t\t\t\t\t<\/a>\n\t\t\t\t<div class=\"page-box__content\">\n\t\t\t<h4 class=\"page-box__title\"><a href=\"https:\/\/as-nartnik.si\/?page_id=1061\">Obnova motorjev<\/a><\/h4>\n\t\t\t<p class=\"page-box__text\">Obnova motorjev\n&nbsp;\nVsled zmanj\u0161evanja delovnih prostornin agregatov predvsem zaradi okoljskih vladnih zahtev po doseganju nizkih izpu\u0161nih &hellip;<\/p>\n\t\t\t\t\t\t\t<a href=\"https:\/\/as-nartnik.si\/?page_id=1061\" class=\"page-box__more-link\">Preberi ve\u010d<\/a>\n\t\t\t\t\t<\/div>\n\t<\/div>\n\n<\/div><\/div><div id=\"pgc-172-0-2\"  class=\"panel-grid-cell\" ><div id=\"panel-172-0-2-0\" class=\"so-panel widget widget_pw_featured_page widget-featured-page panel-first-child panel-last-child\" data-index=\"2\" >\n\t<div class=\"page-box  page-box--block\">\n\t\t\t\t\t<a class=\"page-box__picture\" href=\"https:\/\/as-nartnik.si\/?page_id=201\">\n\t\t\t\t<img loading=\"lazy\" decoding=\"async\" src=\"https:\/\/as-nartnik.si\/wp-content\/uploads\/2020\/03\/NartnikDiagnostika1-360x180.png\" width=\"360\" height=\"180\" srcset=\"https:\/\/as-nartnik.si\/wp-content\/uploads\/2020\/03\/NartnikDiagnostika1-360x180.png 360w, https:\/\/as-nartnik.si\/wp-content\/uploads\/2020\/03\/NartnikDiagnostika1.png 1013w\" sizes=\"auto, (min-width: 1200px) 255px, (min-width: 992px) 205px, (min-width: 768px) 692px, calc(100vw - 30px)\" class=\"wp-post-image\" alt=\"Diagnostika sistemov v vozilih\">\n\t\t\t\t\t\t\t<\/a>\n\t\t\t\t<div class=\"page-box__content\">\n\t\t\t<h4 class=\"page-box__title\"><a href=\"https:\/\/as-nartnik.si\/?page_id=201\">Diagnostika sistemov v vozilih<\/a><\/h4>\n\t\t\t<p class=\"page-box__text\">\n\t\n\t<div class=\"steps\">\n\t\t\t<\/div>\n\nDiagnostika vgrajenih sistemov v vozilih\n\n\tPovpre\u010dno vozilo dandanes ima vgrajenih med &hellip;<\/p>\n\t\t\t\t\t\t\t<a href=\"https:\/\/as-nartnik.si\/?page_id=201\" class=\"page-box__more-link\">Preberi ve\u010d<\/a>\n\t\t\t\t\t<\/div>\n\t<\/div>\n\n<\/div><\/div><\/div><div id=\"pg-172-1\"  class=\"panel-grid panel-no-style\" ><div id=\"pgc-172-1-0\"  class=\"panel-grid-cell\" ><div id=\"panel-172-1-0-0\" class=\"so-panel widget widget_pw_featured_page widget-featured-page panel-first-child panel-last-child\" data-index=\"3\" >\n\t<div class=\"page-box  page-box--block\">\n\t\t\t\t\t<a class=\"page-box__picture\" href=\"https:\/\/as-nartnik.si\/?page_id=1309\">\n\t\t\t\t<img loading=\"lazy\" decoding=\"async\" src=\"https:\/\/as-nartnik.si\/wp-content\/uploads\/2020\/03\/Nartnik_Pnevmatike-360x180.jpg\" width=\"360\" height=\"180\" srcset=\"https:\/\/as-nartnik.si\/wp-content\/uploads\/2020\/03\/Nartnik_Pnevmatike-360x180.jpg 360w, https:\/\/as-nartnik.si\/wp-content\/uploads\/2020\/03\/Nartnik_Pnevmatike.jpg 600w\" sizes=\"auto, (min-width: 1200px) 255px, (min-width: 992px) 205px, (min-width: 768px) 692px, calc(100vw - 30px)\" class=\"wp-post-image\" alt=\"Dobava in premonta\u017ea pnevmatik\">\n\t\t\t\t\t\t\t<\/a>\n\t\t\t\t<div class=\"page-box__content\">\n\t\t\t<h4 class=\"page-box__title\"><a href=\"https:\/\/as-nartnik.si\/?page_id=1309\">Dobava in premonta\u017ea pnevmatik<\/a><\/h4>\n\t\t\t<p class=\"page-box__text\">Premonta\u017ea in dobava pnevmatik\nV sklopu rednih in sezonskih vzdr\u017eevalnih del po dogovoru partnerjem nudimo tudi dobavo in menjavo pnevmatik, &hellip;<\/p>\n\t\t\t\t\t\t\t<a href=\"https:\/\/as-nartnik.si\/?page_id=1309\" class=\"page-box__more-link\">Preberi ve\u010d<\/a>\n\t\t\t\t\t<\/div>\n\t<\/div>\n\n<\/div><\/div><div id=\"pgc-172-1-1\"  class=\"panel-grid-cell\" ><div id=\"panel-172-1-1-0\" class=\"so-panel widget widget_pw_featured_page widget-featured-page panel-first-child panel-last-child\" data-index=\"4\" >\n\t<div class=\"page-box  page-box--block\">\n\t\t\t\t\t<a class=\"page-box__picture\" href=\"https:\/\/as-nartnik.si\/?page_id=195\">\n\t\t\t\t<img loading=\"lazy\" decoding=\"async\" src=\"https:\/\/as-nartnik.si\/wp-content\/uploads\/2020\/03\/Nartnik13-360x180.jpg\" width=\"360\" height=\"180\" srcset=\"https:\/\/as-nartnik.si\/wp-content\/uploads\/2020\/03\/Nartnik13-360x180.jpg 360w, https:\/\/as-nartnik.si\/wp-content\/uploads\/2020\/03\/Nartnik13.jpg 500w\" sizes=\"auto, (min-width: 1200px) 255px, (min-width: 992px) 205px, (min-width: 768px) 692px, calc(100vw - 30px)\" class=\"wp-post-image\" alt=\"Menjava vetrobranskih stekel\">\n\t\t\t\t\t\t\t<\/a>\n\t\t\t\t<div class=\"page-box__content\">\n\t\t\t<h4 class=\"page-box__title\"><a href=\"https:\/\/as-nartnik.si\/?page_id=195\">Menjava vetrobranskih stekel<\/a><\/h4>\n\t\t\t<p class=\"page-box__text\">Taking care of the engine or battery, depending on the make of the car, improves the chances of a car lasting for the long haul.<\/p>\n\t\t\t\t\t\t\t<a href=\"https:\/\/as-nartnik.si\/?page_id=195\" class=\"page-box__more-link\">Preberi ve\u010d<\/a>\n\t\t\t\t\t<\/div>\n\t<\/div>\n\n<\/div><\/div><div id=\"pgc-172-1-2\"  class=\"panel-grid-cell\" ><div id=\"panel-172-1-2-0\" class=\"so-panel widget widget_pw_featured_page widget-featured-page panel-first-child panel-last-child\" data-index=\"5\" >\n\t<div class=\"page-box  page-box--block\">\n\t\t\t\t\t<a class=\"page-box__picture\" href=\"https:\/\/as-nartnik.si\/?page_id=1046\">\n\t\t\t\t<img loading=\"lazy\" decoding=\"async\" src=\"https:\/\/as-nartnik.si\/wp-content\/uploads\/2020\/03\/Nartnik3-360x180.png\" width=\"360\" height=\"180\" srcset=\"https:\/\/as-nartnik.si\/wp-content\/uploads\/2020\/03\/Nartnik3-360x180.png 360w, https:\/\/as-nartnik.si\/wp-content\/uploads\/2020\/03\/Nartnik3.png 943w\" sizes=\"auto, (min-width: 1200px) 255px, (min-width: 992px) 205px, (min-width: 768px) 692px, calc(100vw - 30px)\" class=\"wp-post-image\" alt=\"Popravila in vzdr\u017eevanje avtomatskih menjalnikov\">\n\t\t\t\t\t\t\t<\/a>\n\t\t\t\t<div class=\"page-box__content\">\n\t\t\t<h4 class=\"page-box__title\"><a href=\"https:\/\/as-nartnik.si\/?page_id=1046\">Popravila in vzdr\u017eevanje avtomatskih menjalnikov<\/a><\/h4>\n\t\t\t<p class=\"page-box__text\">Popravila in vzdr\u017eevanje avtomatskih menjalnikov\nTrend vgradnje avtomatskih menjalnikov v vozila v zadnjih letih strmo nara\u0161\u010da. Hkrati z vgradnjo &hellip;<\/p>\n\t\t\t\t\t\t\t<a href=\"https:\/\/as-nartnik.si\/?page_id=1046\" class=\"page-box__more-link\">Preberi ve\u010d<\/a>\n\t\t\t\t\t<\/div>\n\t<\/div>\n\n<\/div><\/div><\/div><div id=\"pg-172-2\"  class=\"panel-grid panel-no-style\" ><div id=\"pgc-172-2-0\"  class=\"panel-grid-cell\" ><div id=\"panel-172-2-0-0\" class=\"so-panel widget widget_pw_featured_page widget-featured-page panel-first-child panel-last-child\" data-index=\"6\" >\n\t<div class=\"page-box  page-box--block\">\n\t\t\t\t\t<a class=\"page-box__picture\" href=\"https:\/\/as-nartnik.si\/?page_id=1080\">\n\t\t\t\t<img loading=\"lazy\" decoding=\"async\" src=\"https:\/\/as-nartnik.si\/wp-content\/uploads\/2020\/03\/NartnikMnenje-360x180.jpg\" width=\"360\" height=\"180\" srcset=\"https:\/\/as-nartnik.si\/wp-content\/uploads\/2020\/03\/NartnikMnenje-360x180.jpg 360w, https:\/\/as-nartnik.si\/wp-content\/uploads\/2020\/03\/NartnikMnenje.jpg 900w\" sizes=\"auto, (min-width: 1200px) 255px, (min-width: 992px) 205px, (min-width: 768px) 692px, calc(100vw - 30px)\" class=\"wp-post-image\" alt=\"Tehni\u010dna svetovanja, mnenja in \u0161olanja\">\n\t\t\t\t\t\t\t<\/a>\n\t\t\t\t<div class=\"page-box__content\">\n\t\t\t<h4 class=\"page-box__title\"><a href=\"https:\/\/as-nartnik.si\/?page_id=1080\">Tehni\u010dna svetovanja, mnenja in \u0161olanja<\/a><\/h4>\n\t\t\t<p class=\"page-box__text\">Tehni\u010dna svetovanja, mnenja in \u0161olanja\n\nKot ustrezno usposobljeni in iz\u0161olani strankam lahko ponudimo tudi tehni\u010dna svetovanja, mnenja in &hellip;<\/p>\n\t\t\t\t\t\t\t<a href=\"https:\/\/as-nartnik.si\/?page_id=1080\" class=\"page-box__more-link\">Preberi ve\u010d<\/a>\n\t\t\t\t\t<\/div>\n\t<\/div>\n\n<\/div><\/div><div id=\"pgc-172-2-1\"  class=\"panel-grid-cell\" ><div id=\"panel-172-2-1-0\" class=\"so-panel widget widget_pw_featured_page widget-featured-page panel-first-child panel-last-child\" data-index=\"7\" >\n\t<div class=\"page-box  page-box--block\">\n\t\t\t\t\t<a class=\"page-box__picture\" href=\"https:\/\/as-nartnik.si\/?page_id=1343\">\n\t\t\t\t<img loading=\"lazy\" decoding=\"async\" src=\"https:\/\/as-nartnik.si\/wp-content\/uploads\/2020\/03\/NartnikAvtoElektrika4-360x180.jpg\" width=\"360\" height=\"180\" srcset=\"https:\/\/as-nartnik.si\/wp-content\/uploads\/2020\/03\/NartnikAvtoElektrika4-360x180.jpg 360w, https:\/\/as-nartnik.si\/wp-content\/uploads\/2020\/03\/NartnikAvtoElektrika4.jpg 800w\" sizes=\"auto, (min-width: 1200px) 255px, (min-width: 992px) 205px, (min-width: 768px) 692px, calc(100vw - 30px)\" class=\"wp-post-image\" alt=\"Avto Elektrika\">\n\t\t\t\t\t\t\t<\/a>\n\t\t\t\t<div class=\"page-box__content\">\n\t\t\t<h4 class=\"page-box__title\"><a href=\"https:\/\/as-nartnik.si\/?page_id=1343\">Avto Elektrika<\/a><\/h4>\n\t\t\t<p class=\"page-box__text\">Avtoelektrika\n&nbsp;\nV Avtoservisu Nartnik partnerjem nudimo prakti\u010dno vse storitve na podro\u010dju avtoelektrike in sicer:\n&nbsp;\n\n[fa icon=\"fa-check\" &hellip;<\/p>\n\t\t\t\t\t\t\t<a href=\"https:\/\/as-nartnik.si\/?page_id=1343\" class=\"page-box__more-link\">Preberi ve\u010d<\/a>\n\t\t\t\t\t<\/div>\n\t<\/div>\n\n<\/div><\/div><div id=\"pgc-172-2-2\"  class=\"panel-grid-cell\" ><div id=\"panel-172-2-2-0\" class=\"so-panel widget widget_pw_icon_box widget-icon-box panel-first-child panel-last-child\" data-index=\"8\" >\n\t\t\t<a class=\"icon-box  icon-box--featured\" href=\"https:\/\/as-nartnik.si\/?page_id=160\" target=\"_self\">\n\t\n\t\t<i class=\"fa  fa-envelope-o\"><\/i>\n\t\t<div class=\"icon-box__text\">\n\t\t\t<h4 class=\"icon-box__title\"><\/h4>\n\t\t\t<span class=\"icon-box__subtitle\">Niste na\u0161li kar vas zanima? <\/span>\n\t\t<\/div>\n\n\t\t\t<\/a>\n\t\n<\/div><\/div><\/div><\/div>","protected":false},"excerpt":{"rendered":"<p>Servis vozil Servis za Osebna in Lahka dostavna vozila Skrb za vozilo in kvalitetno preventivno vzdr\u017eevanje podalj\u0161ata \u017eivljenjsko dobo vozila, v veliki &hellip; Preberi ve\u010d Obnova motorjev Obnova motorjev &nbsp; Vsled zmanj\u0161evanja delovnih prostornin agregatov predvsem zaradi okoljskih vladnih zahtev po doseganju nizkih izpu\u0161nih &hellip; Preberi ve\u010d Diagnostika sistemov v vozilih Diagnostika vgrajenih sistemov v &hellip;<\/p>\n","protected":false},"author":1,"featured_media":0,"parent":0,"menu_order":0,"comment_status":"closed","ping_status":"closed","template":"","meta":{"_acf_changed":false,"footnotes":""},"class_list":["post-172","page","type-page","status-publish","hentry"],"acf":[],"_links":{"self":[{"href":"https:\/\/as-nartnik.si\/index.php?rest_route=\/wp\/v2\/pages\/172","targetHints":{"allow":["GET"]}}],"collection":[{"href":"https:\/\/as-nartnik.si\/index.php?rest_route=\/wp\/v2\/pages"}],"about":[{"href":"https:\/\/as-nartnik.si\/index.php?rest_route=\/wp\/v2\/types\/page"}],"author":[{"embeddable":true,"href":"https:\/\/as-nartnik.si\/index.php?rest_route=\/wp\/v2\/users\/1"}],"replies":[{"embeddable":true,"href":"https:\/\/as-nartnik.si\/index.php?rest_route=%2Fwp%2Fv2%2Fcomments&post=172"}],"version-history":[{"count":32,"href":"https:\/\/as-nartnik.si\/index.php?rest_route=\/wp\/v2\/pages\/172\/revisions"}],"predecessor-version":[{"id":1742,"href":"https:\/\/as-nartnik.si\/index.php?rest_route=\/wp\/v2\/pages\/172\/revisions\/1742"}],"wp:attachment":[{"href":"https:\/\/as-nartnik.si\/index.php?rest_route=%2Fwp%2Fv2%2Fmedia&parent=172"}],"curies":[{"name":"wp","href":"https:\/\/api.w.org\/{rel}","templated":true}]}}