{"id":174,"date":"2020-02-25T17:31:54","date_gmt":"2020-02-25T17:31:54","guid":{"rendered":"https:\/\/xml-io.proteusthemes.com\/auto\/?page_id=174"},"modified":"2020-03-29T10:12:14","modified_gmt":"2020-03-29T10:12:14","slug":"about-2","status":"publish","type":"page","link":"https:\/\/as-nartnik.si\/?page_id=174","title":{"rendered":"O nas"},"content":{"rendered":"<div id=\"pl-174\"  class=\"panel-layout\" ><div id=\"pg-174-0\"  class=\"panel-grid panel-has-style\" ><div class=\"panel-row-style panel-row-style-for-174-0\" ><div id=\"pgc-174-0-0\"  class=\"panel-grid-cell\" ><div id=\"panel-174-0-0-0\" class=\"so-panel widget widget_sow-editor panel-first-child\" data-index=\"0\" ><div class=\"widget-title--big panel-widget-style panel-widget-style-for-174-0-0-0\" ><div\n\t\t\t\n\t\t\tclass=\"so-widget-sow-editor so-widget-sow-editor-base\"\n\t\t\t\n\t\t><h3 class=\"widget-title\"><span class=\"widget-title__inline\">O nas<\/span><\/h3>\n<div class=\"siteorigin-widget-tinymce textwidget\">\n\t<\/div>\n<\/div><\/div><\/div><div id=\"panel-174-0-0-1\" class=\"so-panel widget widget_sow-editor\" data-index=\"1\" ><div class=\"widget-title--big panel-widget-style panel-widget-style-for-174-0-0-1\" ><div\n\t\t\t\n\t\t\tclass=\"so-widget-sow-editor so-widget-sow-editor-base\"\n\t\t\t\n\t\t>\n<div class=\"siteorigin-widget-tinymce textwidget\">\n\t<h3><img loading=\"lazy\" decoding=\"async\" class=\"size-full wp-image-938 alignleft\" src=\"https:\/\/as-nartnik.si\/wp-content\/uploads\/2019\/02\/screenshot-domzalec.si-2019.02.15-20-20-24.png\" alt=\"\" width=\"292\" height=\"395\" srcset=\"https:\/\/as-nartnik.si\/wp-content\/uploads\/2019\/02\/screenshot-domzalec.si-2019.02.15-20-20-24.png 292w, https:\/\/as-nartnik.si\/wp-content\/uploads\/2019\/02\/screenshot-domzalec.si-2019.02.15-20-20-24-222x300.png 222w\" sizes=\"auto, (max-width: 292px) 100vw, 292px\" \/><\/h3>\n<h3>Dru\u017einska obrt<\/h3>\n<p>Vzdr\u017eevanje vozil dru\u017eini Nartnik predstavlja \u017ee ve\u010d kot 50-letno tradicijo. Leta 1967 se je <a href=\"http:\/\/domzalec.si\/pavle-nartnik-uzivam-v-vonju-bencinskih-hlapov\/\" target=\"_blank\" rel=\"noopener\">Pavel Nartnik<\/a> \u00a0izu\u010dil in intenzivno pri\u010del opravljati poklic avtomehanika.<\/p>\n<p>Skozi svoje celotno delovanje na podro\u010dju vzdr\u017eevanja vozil in aktivno prisotnostjo na avtomoto \u0161portih, se je takrat kot zaposleni v podjetju Kompas Hertz redno izobra\u017eeval in svoje izku\u0161nje in specialna znanja pridobival v tovarni\u0161kih \u0161olskih centrih svetovno znanih proizvajalcev vozil.<\/p>\n<blockquote>\n<p><strong>Od leta 2018 se aktivnosti vzdr\u017eevanja vozil in opreme izvajajo v ve\u010djih, lastni\u0161kih in prenovljenih prostorih na Kamni\u0161ki obvoznici, Perovo 29A, 1241 Kamnik, v vsem zelo znanem objektu - biv\u0161i Sitar Pneumatic Center.<\/strong><\/p>\n<\/blockquote>\n<p>Kot pravi mo\u0161ki in o\u010de je Pavel oskrbel, da se je bogat spekter znanja, izku\u0161enj, dose\u017ekov in zasvojenosti z bencinskimi hlapi prenesel na naslednje rodove in sodelavce.<br \/>\nZ letom 2013 se je tako imenovana dru\u017einska tradicija uradno prenesla na sina Urbana. Urban je ves \u010das od otro\u0161tva, pa do kon\u010danja formalnega izobra\u017eevanja na Fakulteti za strojni\u0161tvo v Ljubljani gojil strast do tehnike, predvsem do tehnike in tehnologij na podro\u010dju avtomobilizma in z njim povezanim razvojem in vzdr\u017eevanjem.<\/p>\n<p>Urban se lahko pohvali, da svoja specialisti\u010dna znanja vse od devetdesetih let prej\u0161njega stoletja redno pridobiva neposredno na tehni\u010dnih izobra\u017eevanjih v podjetjih, ki zaznamujejo sam razvoj, proizvodnjo in aftermarket svetovnim proizvajalcem vozil. V sodelovanju s podjetjem Potokar d.o.o. se bogat nabor znanj, izku\u0161enj prena\u0161a tudi na partnerje podjetja Potokar d.o.o. Med drugim Urban kot zunanji tehni\u010dni sodelavec podjetja Potokar d.o.o. nudi podporo pri kompleksnej\u0161ih reklamacijskih zahtevkih, \u0161olanjih vzdr\u017eevalnega kadra, kot tehni\u010dna vez in podpora podjetjem in posameznikom.<\/p>\n<hr \/>\n<p><a href=\"https:\/\/as-nartnik.si\/wp-content\/uploads\/2020\/03\/7-tehnoloska-281.jpg\"><img loading=\"lazy\" decoding=\"async\" class=\"alignright wp-image-1105 size-medium\" src=\"https:\/\/as-nartnik.si\/wp-content\/uploads\/2020\/03\/7-tehnoloska-281-300x184.jpg\" alt=\"\" width=\"300\" height=\"184\" srcset=\"https:\/\/as-nartnik.si\/wp-content\/uploads\/2020\/03\/7-tehnoloska-281-300x184.jpg 300w, https:\/\/as-nartnik.si\/wp-content\/uploads\/2020\/03\/7-tehnoloska-281-768x471.jpg 768w, https:\/\/as-nartnik.si\/wp-content\/uploads\/2020\/03\/7-tehnoloska-281-540x331.jpg 540w, https:\/\/as-nartnik.si\/wp-content\/uploads\/2020\/03\/7-tehnoloska-281-600x368.jpg 600w, https:\/\/as-nartnik.si\/wp-content\/uploads\/2020\/03\/7-tehnoloska-281.jpg 800w\" sizes=\"auto, (max-width: 300px) 100vw, 300px\" \/><\/a>Med drugim je Urban opravil tudi specialisti\u010dna tehni\u010dna \u0161olanja in si pridobil naziv tovarni\u0161kega tehni\u010dnega in\u0161truktorja podjetij <a href=\"http:\/\/www.monroe.com\/en-emea\" target=\"_blank\" rel=\"noopener\">Monroe<\/a> in <a href=\"http:\/\/www.walkerexhaust.com\/\" target=\"_blank\" rel=\"noopener\">Walker<\/a> , oziroma multinacionalke <a href=\"https:\/\/www.tenneco.com\/\" target=\"_blank\" rel=\"noopener\">Tenneco<\/a><\/p>\n<p>Posebna znanja in tehni\u010dne ve\u0161\u010dine je pridobil tudi na izobra\u017eevanjih v vodilnem razvojnem in proizvodnem podjetju re\u0161itev jermenskih prenosov, podjetju <a href=\"https:\/\/www.gates.com\/\" target=\"_blank\" rel=\"noopener\">Gates<\/a> , kjer opravlja delo tehni\u010dnega izvedenca v primerih, ko prihaja do napak in po\u0161kodb na agregatih, kot posledica napa\u010dnih postopkov vgradenj, ipd.<\/p>\n<p>Kot aktiven predavatelj je Urban svoje znanje in izku\u0161nje posredoval slu\u0161ateljem tudi na <a href=\"https:\/\/www.tehnoloska-konferenca.si\/\" target=\"_blank\" rel=\"noopener\">Tehnolo\u0161kih konferencah<\/a>, ki so med vzdr\u017eevalci vozil, novinarji avtomobilisti\u010dnih revij in u\u010dnem osebju zelo dobro znane, priljubljene in dobro obiskane.<\/p>\n<p>Da delavnica ohranja stik z novodobnimi tehnologijami in tehnikami vzdr\u017eevanja kot lastnik skrbi, da se skupaj s sodelavci nenehno udele\u017euje namenskih \u0161olanj in specialisti\u010dnih izobra\u017eevanj doma in v tujini.<\/p>\n<\/div>\n<\/div><\/div><\/div><div id=\"panel-174-0-0-2\" class=\"so-panel widget widget_sow-editor panel-last-child\" data-index=\"2\" ><div\n\t\t\t\n\t\t\tclass=\"so-widget-sow-editor so-widget-sow-editor-base\"\n\t\t\t\n\t\t>\n<div class=\"siteorigin-widget-tinymce textwidget\">\n\t<hr \/>\n<p>&nbsp;<\/p>\n<\/div>\n<\/div><\/div><\/div><\/div><\/div><div id=\"pg-174-1\"  class=\"panel-grid panel-no-style\" ><div id=\"pgc-174-1-0\"  class=\"panel-grid-cell\" ><div id=\"panel-174-1-0-0\" class=\"so-panel widget widget_sow-editor panel-first-child panel-last-child\" data-index=\"3\" ><div\n\t\t\t\n\t\t\tclass=\"so-widget-sow-editor so-widget-sow-editor-base\"\n\t\t\t\n\t\t>\n<div class=\"siteorigin-widget-tinymce textwidget\">\n\t<h3>O podjetju<\/h3>\n<p>Od leta 2018 se aktivnosti vzdr\u017eevanja vozil in opreme izvajajo v ve\u010djih, lastni\u0161kih in prenovljenih prostorih na Kamni\u0161ki obvoznici, Perovo 29A, 1241 Kamnik, v vsem zelo znanem objektu - biv\u0161i Sitar Pneumatic Center.<\/p>\n<p><img loading=\"lazy\" decoding=\"async\" class=\"size-full wp-image-1102 aligncenter\" src=\"https:\/\/as-nartnik.si\/wp-content\/uploads\/2020\/03\/WP_20170729_002-600-x-337.jpg\" alt=\"\" width=\"600\" height=\"337\" srcset=\"https:\/\/as-nartnik.si\/wp-content\/uploads\/2020\/03\/WP_20170729_002-600-x-337.jpg 600w, https:\/\/as-nartnik.si\/wp-content\/uploads\/2020\/03\/WP_20170729_002-600-x-337-300x169.jpg 300w, https:\/\/as-nartnik.si\/wp-content\/uploads\/2020\/03\/WP_20170729_002-600-x-337-540x303.jpg 540w\" sizes=\"auto, (max-width: 600px) 100vw, 600px\" \/><\/p>\n<p>&nbsp;<\/p>\n<p>&nbsp;<\/p>\n<\/div>\n<\/div><\/div><\/div><div id=\"pgc-174-1-1\"  class=\"panel-grid-cell\" ><div id=\"panel-174-1-1-0\" class=\"so-panel widget widget_pw_icon_box widget-icon-box panel-first-child\" data-index=\"4\" >\n\t\t\t<div class=\"icon-box  icon-box--featured\">\n\t\n\t\t<i class=\"fa  fa-thumbs-up\"><\/i>\n\t\t<div class=\"icon-box__text\">\n\t\t\t<h4 class=\"icon-box__title\">NA\u0160A NALOGA<\/h4>\n\t\t\t<span class=\"icon-box__subtitle\">Na\u0161a naloga je pridobiti, vzdr\u017eevati in strankam nuditi visok nivo in kvaliteto opravljenih storitev po zmernih in konkuren\u010dnih cenah opravljenih storitev. V ta namen podjetje intenzivno vlaga v razvoj, opremo, orodja, izobra\u017eevanje in izpopolnjevanje kadra. <\/span>\n\t\t<\/div>\n\n\t\t\t<\/div>\n\t\n<\/div><div id=\"panel-174-1-1-1\" class=\"so-panel widget widget_pw_icon_box widget-icon-box\" data-index=\"5\" >\n\t\t\t<div class=\"icon-box  icon-box--featured\">\n\t\n\t\t<i class=\"fa  fa-cloud\"><\/i>\n\t\t<div class=\"icon-box__text\">\n\t\t\t<h4 class=\"icon-box__title\">VIZIJA PODJETJA<\/h4>\n\t\t\t<span class=\"icon-box__subtitle\">Na\u0161a vizija je ohraniti in zadovoljiti obstoje\u010d krog zadovoljnih strank, ki v nas oziroma v na\u0161e delo verujejo in nam zaupajo \u017ee vrsto let.<\/span>\n\t\t<\/div>\n\n\t\t\t<\/div>\n\t\n<\/div><div id=\"panel-174-1-1-2\" class=\"so-panel widget widget_pw_icon_box widget-icon-box panel-last-child\" data-index=\"6\" >\n\t\t\t<div class=\"icon-box  icon-box--featured\">\n\t\n\t\t<i class=\"fa  fa-trophy\"><\/i>\n\t\t<div class=\"icon-box__text\">\n\t\t\t<h4 class=\"icon-box__title\">CILJI<\/h4>\n\t\t\t<span class=\"icon-box__subtitle\">Hkrati pa \u017eelimo slediti naglemu tehnolo\u0161kemu razvoju na podro\u010dju mobilnosti in zagotavljati zaupanja vrednega in usposobljenega partnerja strankam na podro\u010dju vzdr\u017eevanja njihovih vozil oziroma prevoznih sredstev.<\/span>\n\t\t<\/div>\n\n\t\t\t<\/div>\n\t\n<\/div><\/div><\/div><div id=\"pg-174-2\"  class=\"panel-grid panel-no-style\" ><div id=\"pgc-174-2-0\"  class=\"panel-grid-cell panel-grid-cell-empty\" ><\/div><\/div><div id=\"pg-174-3\"  class=\"panel-grid panel-no-style\" ><div id=\"pgc-174-3-0\"  class=\"panel-grid-cell\" ><div id=\"panel-174-3-0-0\" class=\"so-panel widget widget_sow-editor panel-first-child\" data-index=\"7\" ><div class=\"widget-title--big panel-widget-style panel-widget-style-for-174-3-0-0\" ><div\n\t\t\t\n\t\t\tclass=\"so-widget-sow-editor so-widget-sow-editor-base\"\n\t\t\t\n\t\t><h3 class=\"widget-title\"><span class=\"widget-title__inline\">Zaposlimo<\/span><\/h3>\n<div class=\"siteorigin-widget-tinymce textwidget\">\n\t<\/div>\n<\/div><\/div><\/div><div id=\"panel-174-3-0-1\" class=\"so-panel widget widget_pw_open_position widget-open-position panel-last-child\" data-index=\"8\" ><div class=\"widget-title--big panel-widget-style panel-widget-style-for-174-3-0-1\" ><div\n\t\t\t\n\t\t\tclass=\"so-widget-pw_open_position so-widget-pw_open_position-base\"\n\t\t\t\n\t\t>\n<div id=\"panel-174-3-0-1\" class=\"so-panel widget widget_pw_open_position widget-open-position panel-last-child\" data-index=\"8\" ><div class=\"widget-title--big panel-widget-style panel-widget-style-for-174-3-0-1\" >\t<div class=\"open-position\">\n\t\t<div class=\"open-position__details\">\n\t\t\t<h4 class=\"open-position__details-title\">AvtoServis NARTNIK<\/h4>\n\t\t\t\t\t\t\t<div class=\"open-position__details-item\">\n\t\t\t\t\t<span class=\"sow-icon-fontawesome sow-fas\" data-sow-icon=\"&#xf3c5;\"\n\t\t \n\t\taria-hidden=\"true\"><\/span> <span class=\"open-position__details-item-text\">Perovo 29a, 1241 Kamnik<\/span>\n\t\t\t\t<\/div>\n\t\t\t\t\t\t\t<div class=\"open-position__details-item\">\n\t\t\t\t\t<span class=\"sow-icon-fontawesome sow-fas\" data-sow-icon=\"&#xf095;\"\n\t\t \n\t\taria-hidden=\"true\"><\/span> <span class=\"open-position__details-item-text\">  |T: 030 996 146<\/span>\n\t\t\t\t<\/div>\n\t\t\t\t\t\t\t<div class=\"open-position__details-item\">\n\t\t\t\t\t<span class=\"sow-icon-fontawesome sow-fas\" data-sow-icon=\"&#xf0e0;\"\n\t\t \n\t\taria-hidden=\"true\"><\/span> <span class=\"open-position__details-item-text\">  e: info@as-nartnik.si<\/span>\n\t\t\t\t<\/div>\n\t\t\t\t\t<\/div>\n\t\t<div class=\"open-position__content\">\n\t\t\t\t\t\t\t<h3 class=\"open-position__title\">\n\t\t\t\t\tTrenutno ni potreb po zaposlitvi\t\t\t\t<\/h3>\n\t\t\t\t\t\t<p>\u010ce bi \u017eeleli sodelovati z visoko usposobljenimi mentorji nas prosim kontaktirajte<\/p>\n\t\t<\/div>\n\t<\/div>\n\n\t<script type=\"text\/javascript\">\n\t\tjQuery( '#collapse-widget-3-0-1' ).on( 'shown.bs.collapse' , function() {\n\t\t\tjQuery( '#collapse-link-widget-3-0-1' ).html( '<i class=\"fa fa-minus\"><\/i> Close' );\n\t\t});\n\t\tjQuery( '#collapse-widget-3-0-1' ).on( 'hidden.bs.collapse', function() {\n\t\t\tjQuery( '#collapse-link-widget-3-0-1' ).html( '<i class=\"fa fa-plus\"><\/i> Read more' );\n\t\t});\n\t<\/script>\n\n<\/div><\/div><\/div><\/div><\/div><\/div><\/div><\/div>","protected":false},"excerpt":{"rendered":"<p>Dru\u017einska obrt Vzdr\u017eevanje vozil dru\u017eini Nartnik predstavlja \u017ee ve\u010d kot 50-letno tradicijo. Leta 1967 se je Pavel Nartnik \u00a0izu\u010dil in intenzivno pri\u010del opravljati poklic avtomehanika. Skozi svoje celotno delovanje na podro\u010dju vzdr\u017eevanja vozil in aktivno prisotnostjo na avtomoto \u0161portih, se je takrat kot zaposleni v podjetju Kompas Hertz redno izobra\u017eeval in svoje izku\u0161nje in specialna &hellip;<\/p>\n","protected":false},"author":1,"featured_media":0,"parent":0,"menu_order":0,"comment_status":"closed","ping_status":"closed","template":"","meta":{"_acf_changed":false,"footnotes":""},"class_list":["post-174","page","type-page","status-publish","hentry"],"acf":[],"_links":{"self":[{"href":"https:\/\/as-nartnik.si\/index.php?rest_route=\/wp\/v2\/pages\/174","targetHints":{"allow":["GET"]}}],"collection":[{"href":"https:\/\/as-nartnik.si\/index.php?rest_route=\/wp\/v2\/pages"}],"about":[{"href":"https:\/\/as-nartnik.si\/index.php?rest_route=\/wp\/v2\/types\/page"}],"author":[{"embeddable":true,"href":"https:\/\/as-nartnik.si\/index.php?rest_route=\/wp\/v2\/users\/1"}],"replies":[{"embeddable":true,"href":"https:\/\/as-nartnik.si\/index.php?rest_route=%2Fwp%2Fv2%2Fcomments&post=174"}],"version-history":[{"count":49,"href":"https:\/\/as-nartnik.si\/index.php?rest_route=\/wp\/v2\/pages\/174\/revisions"}],"predecessor-version":[{"id":1744,"href":"https:\/\/as-nartnik.si\/index.php?rest_route=\/wp\/v2\/pages\/174\/revisions\/1744"}],"wp:attachment":[{"href":"https:\/\/as-nartnik.si\/index.php?rest_route=%2Fwp%2Fv2%2Fmedia&parent=174"}],"curies":[{"name":"wp","href":"https:\/\/api.w.org\/{rel}","templated":true}]}}