{"id":1850,"date":"2021-10-11T21:00:43","date_gmt":"2021-10-11T21:00:43","guid":{"rendered":"https:\/\/as-nartnik.si\/?page_id=1850"},"modified":"2021-10-11T21:34:43","modified_gmt":"2021-10-11T21:34:43","slug":"izdelava-avtomobiljskih-kljucev","status":"publish","type":"page","link":"https:\/\/as-nartnik.si\/?page_id=1850","title":{"rendered":"Izdelava avtomobiljskih klju\u010dev"},"content":{"rendered":"<div id=\"pl-1850\"  class=\"panel-layout\" ><div id=\"pg-1850-0\"  class=\"panel-grid panel-no-style\" ><div id=\"pgc-1850-0-0\"  class=\"panel-grid-cell\" ><div id=\"panel-1850-0-0-0\" class=\"so-panel widget widget_sow-editor panel-first-child panel-last-child\" data-index=\"0\" ><div\n\t\t\t\n\t\t\tclass=\"so-widget-sow-editor so-widget-sow-editor-base\"\n\t\t\t\n\t\t><h3 class=\"widget-title\"><span class=\"widget-title__inline\">Izdelava in kloniranje avtomobiljskih klju\u010dev<\/span><\/h3>\n<div class=\"siteorigin-widget-tinymce textwidget\">\n\t<p>Ob okvari ali izgubi va\u0161ega avtomobilskega klju\u010da se lahko s pravo\u010dasno izdelavo rezervnega klju\u010da izognite marsikateri nev\u0161e\u010dnosti. \u2013 od nesorazmerno dolgega \u010dakanja in\u00a0 visokih cen pri poobla\u0161\u010denih prodajalcih vozil.<\/p>\n<h3><span style=\"color: #808080;\">V na\u0161i servisni delavnici vam nudimo <strong>novo<\/strong> storitev izdelave nadomestnih klju\u010dev za ve\u010dino priznanih proizvajalcev.<\/span><\/h3>\n<p>&nbsp;<\/p>\n<\/div>\n<\/div><\/div><\/div><\/div><div id=\"pg-1850-1\"  class=\"panel-grid panel-no-style\" ><div id=\"pgc-1850-1-0\"  class=\"panel-grid-cell\" ><div id=\"panel-1850-1-0-0\" class=\"so-panel widget widget_pw_pricing_list widget-pricing-list panel-first-child\" data-index=\"1\" >\n\t<div class=\"pricing-list\">\n\t\t\t\t\t\t\t<div class=\"pricing-list__item\">\n\t\t\t\t\t\t\t\t\t<span class=\"pricing-list__badge\">izdelava klju\u010da oziroma kartice v\u017eiga - \u02ddkloniranje\u02dd<\/span>\n\t\t\t\t\t\t\t\t<span class=\"pricing-list__title\"><\/span>\n\t\t\t\t<span class=\"pricing-list__line\"><\/span>\n\t\t\t\t<span class=\"pricing-list__price\">od  50,00 \u20ac<\/span>\n\t\t\t\t\t\t\t<\/div>\n\t\t\t\t\t<div class=\"pricing-list__item\">\n\t\t\t\t\t\t\t\t\t<span class=\"pricing-list__badge\">programiranje klju\u010da\/kartice remote + v\u017eig<\/span>\n\t\t\t\t\t\t\t\t<span class=\"pricing-list__title\"><\/span>\n\t\t\t\t<span class=\"pricing-list__line\"><\/span>\n\t\t\t\t<span class=\"pricing-list__price\">od 80,00 \u20ac <\/span>\n\t\t\t\t\t\t\t<\/div>\n\t\t\t\t\t<div class=\"pricing-list__item\">\n\t\t\t\t\t\t\t\t\t<span class=\"pricing-list__badge\">programiranje \u02ddsmart key\u02dd<\/span>\n\t\t\t\t\t\t\t\t<span class=\"pricing-list__title\"><\/span>\n\t\t\t\t<span class=\"pricing-list__line\"><\/span>\n\t\t\t\t<span class=\"pricing-list__price\">od 100,00 \u20ac<\/span>\n\t\t\t\t\t\t\t<\/div>\n\t\t\t\t\t<div class=\"pricing-list__item\">\n\t\t\t\t\t\t\t\t\t<span class=\"pricing-list__badge\">dobava ohi\u0161ij klju\u010da\/kartic s premonta\u017eo<\/span>\n\t\t\t\t\t\t\t\t<span class=\"pricing-list__title\"><\/span>\n\t\t\t\t<span class=\"pricing-list__line\"><\/span>\n\t\t\t\t<span class=\"pricing-list__price\">od 20,00 \u20ac<\/span>\n\t\t\t\t\t\t\t<\/div>\n\t\t\t\t\t<div class=\"pricing-list__item\">\n\t\t\t\t\t\t\t\t\t<span class=\"pricing-list__badge\">popravilo daljinca, menjava tipk<\/span>\n\t\t\t\t\t\t\t\t<span class=\"pricing-list__title\"><\/span>\n\t\t\t\t<span class=\"pricing-list__line\"><\/span>\n\t\t\t\t<span class=\"pricing-list__price\">od 5,00 \u20ac<\/span>\n\t\t\t\t\t\t\t<\/div>\n\t\t\t\t\t<div class=\"pricing-list__item\">\n\t\t\t\t\t\t\t\t\t<span class=\"pricing-list__badge\">menjava baterije<\/span>\n\t\t\t\t\t\t\t\t<span class=\"pricing-list__title\"><\/span>\n\t\t\t\t<span class=\"pricing-list__line\"><\/span>\n\t\t\t\t<span class=\"pricing-list__price\">od 5,00 \u20ac<\/span>\n\t\t\t\t\t\t\t<\/div>\n\t\t\t\t\t<div class=\"pricing-list__item\">\n\t\t\t\t\t\t\t\t\t<span class=\"pricing-list__badge\">rezanje klju\u010da<\/span>\n\t\t\t\t\t\t\t\t<span class=\"pricing-list__title\"><\/span>\n\t\t\t\t<span class=\"pricing-list__line\"><\/span>\n\t\t\t\t<span class=\"pricing-list__price\"> od 12,00 \u20ac<\/span>\n\t\t\t\t\t\t\t<\/div>\n\t\t\t<\/div>\n\n<\/div><div id=\"panel-1850-1-0-1\" class=\"so-panel widget widget_media_image panel-last-child\" data-index=\"2\" ><img loading=\"lazy\" decoding=\"async\" width=\"1936\" height=\"701\" src=\"https:\/\/as-nartnik.si\/wp-content\/uploads\/2021\/10\/AS-Nartnik-Kljuci.jpg\" class=\"image wp-image-1847  attachment-full size-full\" alt=\"\" style=\"max-width: 100%; height: auto;\" srcset=\"https:\/\/as-nartnik.si\/wp-content\/uploads\/2021\/10\/AS-Nartnik-Kljuci.jpg 1936w, https:\/\/as-nartnik.si\/wp-content\/uploads\/2021\/10\/AS-Nartnik-Kljuci-300x109.jpg 300w, https:\/\/as-nartnik.si\/wp-content\/uploads\/2021\/10\/AS-Nartnik-Kljuci-1024x371.jpg 1024w, https:\/\/as-nartnik.si\/wp-content\/uploads\/2021\/10\/AS-Nartnik-Kljuci-768x278.jpg 768w, https:\/\/as-nartnik.si\/wp-content\/uploads\/2021\/10\/AS-Nartnik-Kljuci-1536x556.jpg 1536w, https:\/\/as-nartnik.si\/wp-content\/uploads\/2021\/10\/AS-Nartnik-Kljuci-480x175.jpg 480w, https:\/\/as-nartnik.si\/wp-content\/uploads\/2021\/10\/AS-Nartnik-Kljuci-540x196.jpg 540w, https:\/\/as-nartnik.si\/wp-content\/uploads\/2021\/10\/AS-Nartnik-Kljuci-600x217.jpg 600w\" sizes=\"auto, (max-width: 1936px) 100vw, 1936px\" \/><\/div><\/div><\/div><\/div>","protected":false},"excerpt":{"rendered":"<p>Ob okvari ali izgubi va\u0161ega avtomobilskega klju\u010da se lahko s pravo\u010dasno izdelavo rezervnega klju\u010da izognite marsikateri nev\u0161e\u010dnosti. \u2013 od nesorazmerno dolgega \u010dakanja in\u00a0 visokih cen pri poobla\u0161\u010denih prodajalcih vozil. V na\u0161i servisni delavnici vam nudimo novo storitev izdelave nadomestnih klju\u010dev za ve\u010dino priznanih proizvajalcev. &nbsp;<\/p>\n","protected":false},"author":2,"featured_media":0,"parent":172,"menu_order":0,"comment_status":"closed","ping_status":"closed","template":"","meta":{"_acf_changed":false,"footnotes":""},"class_list":["post-1850","page","type-page","status-publish","hentry"],"acf":[],"_links":{"self":[{"href":"https:\/\/as-nartnik.si\/index.php?rest_route=\/wp\/v2\/pages\/1850","targetHints":{"allow":["GET"]}}],"collection":[{"href":"https:\/\/as-nartnik.si\/index.php?rest_route=\/wp\/v2\/pages"}],"about":[{"href":"https:\/\/as-nartnik.si\/index.php?rest_route=\/wp\/v2\/types\/page"}],"author":[{"embeddable":true,"href":"https:\/\/as-nartnik.si\/index.php?rest_route=\/wp\/v2\/users\/2"}],"replies":[{"embeddable":true,"href":"https:\/\/as-nartnik.si\/index.php?rest_route=%2Fwp%2Fv2%2Fcomments&post=1850"}],"version-history":[{"count":18,"href":"https:\/\/as-nartnik.si\/index.php?rest_route=\/wp\/v2\/pages\/1850\/revisions"}],"predecessor-version":[{"id":1870,"href":"https:\/\/as-nartnik.si\/index.php?rest_route=\/wp\/v2\/pages\/1850\/revisions\/1870"}],"up":[{"embeddable":true,"href":"https:\/\/as-nartnik.si\/index.php?rest_route=\/wp\/v2\/pages\/172"}],"wp:attachment":[{"href":"https:\/\/as-nartnik.si\/index.php?rest_route=%2Fwp%2Fv2%2Fmedia&parent=1850"}],"curies":[{"name":"wp","href":"https:\/\/api.w.org\/{rel}","templated":true}]}}