{"id":197,"date":"2020-02-26T09:17:15","date_gmt":"2020-02-26T09:17:15","guid":{"rendered":"https:\/\/xml-io.proteusthemes.com\/auto\/?page_id=197"},"modified":"2020-03-28T18:41:40","modified_gmt":"2020-03-28T18:41:40","slug":"restart-and-repair-service","status":"publish","type":"page","link":"https:\/\/as-nartnik.si\/?page_id=197","title":{"rendered":"Servis vozil"},"content":{"rendered":"<div id=\"pl-197\"  class=\"panel-layout\" ><div id=\"pg-197-0\"  class=\"panel-grid panel-no-style\" ><div id=\"pgc-197-0-0\"  class=\"panel-grid-cell\" ><div id=\"panel-197-0-0-0\" class=\"so-panel widget widget_sow-editor panel-first-child\" data-index=\"0\" ><div\n\t\t\t\n\t\t\tclass=\"so-widget-sow-editor so-widget-sow-editor-base\"\n\t\t\t\n\t\t>\n<div class=\"siteorigin-widget-tinymce textwidget\">\n\t<h3>Servis za Osebna in Lahka dostavna vozila<\/h3>\n<p>Skrb za vozilo in kvalitetno preventivno vzdr\u017eevanje podalj\u0161ata <strong>\u017eivljenjsko dobo<\/strong> vozila, v veliki meri pa tudi prepre\u010dujeta nastanek ve\u010djih in dragih popravil vozila.<\/p>\n<p>Z uporabno <strong>namenske diagnosti\u010dne opreme<\/strong> in orodij, vgradnjo kvalitetnih originalnih in originalom enakovrednih delov, rednim izpopolnjevanjem in izobra\u017eevanjem kadrov in sledenju trendov na podro\u010dju avtomobilske industrije, partnerjem nudimo kvalitetne in cenovno ugodne storitve preventivnih vzdr\u017eevanj in kurativnih popravil vozil.<\/p>\n<\/div>\n<\/div><\/div><div id=\"panel-197-0-0-1\" class=\"so-panel widget widget_sow-editor\" data-index=\"1\" ><div\n\t\t\t\n\t\t\tclass=\"so-widget-sow-editor so-widget-sow-editor-base\"\n\t\t\t\n\t\t>\n<div class=\"siteorigin-widget-tinymce textwidget\">\n\t<blockquote>\n<p>Na opravljene storitve in vgradnjo nadomestnih delov partnerjem\u00a0 nudimo tudi ustrezne garancije.<\/p>\n<hr \/>\n<p>&nbsp;<\/p>\n<\/blockquote>\n<\/div>\n<\/div><\/div><div id=\"panel-197-0-0-2\" class=\"so-panel widget widget_pw_brochure_box widget-brochure-box panel-last-child\" data-index=\"2\" >\n\t<a class=\"brochure-box\" href=\"\" target=\"_self\">\n\t\t<span class=\"brochure-box__icon\"><i class=\"fa  fa-info-circle\"><\/i><\/span>\n\t\t<h5 class=\"brochure-box__text\">Skrb za vozilo in kvalitetno preventivno vzdr\u017eevanje podalj\u0161ata \u017eivljenjsko dobo vozila, v veliki meri pa tudi prepre\u010dujeta nastanek ve\u010djih in dragih popravil vozila<\/h5>\n\t<\/a>\n\n<\/div><\/div><div id=\"pgc-197-0-1\"  class=\"panel-grid-cell\" ><div id=\"panel-197-0-1-0\" class=\"so-panel widget widget_sow-editor panel-first-child panel-last-child\" data-index=\"3\" ><div\n\t\t\t\n\t\t\tclass=\"so-widget-sow-editor so-widget-sow-editor-base\"\n\t\t\t\n\t\t>\n<div class=\"siteorigin-widget-tinymce textwidget\">\n\t<p>&nbsp;<\/p>\n<p><img loading=\"lazy\" decoding=\"async\" class=\"alignnone wp-image-1181\" src=\"https:\/\/as-nartnik.si\/wp-content\/uploads\/2020\/03\/prenos.jpg\" alt=\"\" width=\"827\" height=\"401\" srcset=\"https:\/\/as-nartnik.si\/wp-content\/uploads\/2020\/03\/prenos.jpg 322w, https:\/\/as-nartnik.si\/wp-content\/uploads\/2020\/03\/prenos-300x145.jpg 300w\" sizes=\"auto, (max-width: 827px) 100vw, 827px\" \/><\/p>\n<p><img loading=\"lazy\" decoding=\"async\" class=\"alignnone wp-image-849\" src=\"https:\/\/as-nartnik.si\/wp-content\/uploads\/2019\/02\/Nartnik_Head1.jpg\" alt=\"\" width=\"826\" height=\"353\" srcset=\"https:\/\/as-nartnik.si\/wp-content\/uploads\/2019\/02\/Nartnik_Head1.jpg 1412w, https:\/\/as-nartnik.si\/wp-content\/uploads\/2019\/02\/Nartnik_Head1-300x128.jpg 300w, https:\/\/as-nartnik.si\/wp-content\/uploads\/2019\/02\/Nartnik_Head1-768x328.jpg 768w, https:\/\/as-nartnik.si\/wp-content\/uploads\/2019\/02\/Nartnik_Head1-1024x437.jpg 1024w, https:\/\/as-nartnik.si\/wp-content\/uploads\/2019\/02\/Nartnik_Head1-540x231.jpg 540w, https:\/\/as-nartnik.si\/wp-content\/uploads\/2019\/02\/Nartnik_Head1-600x256.jpg 600w\" sizes=\"auto, (max-width: 826px) 100vw, 826px\" \/><\/p>\n<p><img loading=\"lazy\" decoding=\"async\" class=\"alignnone  wp-image-1605\" src=\"https:\/\/as-nartnik.si\/wp-content\/uploads\/2020\/03\/Nartnik_Servis.jpg\" alt=\"\" width=\"824\" height=\"515\" srcset=\"https:\/\/as-nartnik.si\/wp-content\/uploads\/2020\/03\/Nartnik_Servis.jpg 640w, https:\/\/as-nartnik.si\/wp-content\/uploads\/2020\/03\/Nartnik_Servis-300x188.jpg 300w, https:\/\/as-nartnik.si\/wp-content\/uploads\/2020\/03\/Nartnik_Servis-540x338.jpg 540w, https:\/\/as-nartnik.si\/wp-content\/uploads\/2020\/03\/Nartnik_Servis-600x375.jpg 600w\" sizes=\"auto, (max-width: 824px) 100vw, 824px\" \/><\/p>\n<\/div>\n<\/div><\/div><\/div><\/div><\/div>","protected":false},"excerpt":{"rendered":"<p>Servis za Osebna in Lahka dostavna vozila Skrb za vozilo in kvalitetno preventivno vzdr\u017eevanje podalj\u0161ata \u017eivljenjsko dobo vozila, v veliki meri pa tudi prepre\u010dujeta nastanek ve\u010djih in dragih popravil vozila. Z uporabno namenske diagnosti\u010dne opreme in orodij, vgradnjo kvalitetnih originalnih in originalom enakovrednih delov, rednim izpopolnjevanjem in izobra\u017eevanjem kadrov in sledenju trendov na podro\u010dju avtomobilske &hellip;<\/p>\n","protected":false},"author":1,"featured_media":508,"parent":172,"menu_order":0,"comment_status":"closed","ping_status":"closed","template":"","meta":{"_acf_changed":false,"footnotes":""},"class_list":["post-197","page","type-page","status-publish","has-post-thumbnail","hentry"],"acf":[],"_links":{"self":[{"href":"https:\/\/as-nartnik.si\/index.php?rest_route=\/wp\/v2\/pages\/197","targetHints":{"allow":["GET"]}}],"collection":[{"href":"https:\/\/as-nartnik.si\/index.php?rest_route=\/wp\/v2\/pages"}],"about":[{"href":"https:\/\/as-nartnik.si\/index.php?rest_route=\/wp\/v2\/types\/page"}],"author":[{"embeddable":true,"href":"https:\/\/as-nartnik.si\/index.php?rest_route=\/wp\/v2\/users\/1"}],"replies":[{"embeddable":true,"href":"https:\/\/as-nartnik.si\/index.php?rest_route=%2Fwp%2Fv2%2Fcomments&post=197"}],"version-history":[{"count":33,"href":"https:\/\/as-nartnik.si\/index.php?rest_route=\/wp\/v2\/pages\/197\/revisions"}],"predecessor-version":[{"id":1612,"href":"https:\/\/as-nartnik.si\/index.php?rest_route=\/wp\/v2\/pages\/197\/revisions\/1612"}],"up":[{"embeddable":true,"href":"https:\/\/as-nartnik.si\/index.php?rest_route=\/wp\/v2\/pages\/172"}],"wp:featuredmedia":[{"embeddable":true,"href":"https:\/\/as-nartnik.si\/index.php?rest_route=\/wp\/v2\/media\/508"}],"wp:attachment":[{"href":"https:\/\/as-nartnik.si\/index.php?rest_route=%2Fwp%2Fv2%2Fmedia&parent=197"}],"curies":[{"name":"wp","href":"https:\/\/api.w.org\/{rel}","templated":true}]}}