{"id":201,"date":"2020-02-26T09:18:12","date_gmt":"2020-02-26T09:18:12","guid":{"rendered":"https:\/\/xml-io.proteusthemes.com\/auto\/?page_id=201"},"modified":"2020-03-28T19:52:03","modified_gmt":"2020-03-28T19:52:03","slug":"engine-testing","status":"publish","type":"page","link":"https:\/\/as-nartnik.si\/?page_id=201","title":{"rendered":"Diagnostika sistemov v vozilih"},"content":{"rendered":"<div id=\"pl-201\"  class=\"panel-layout\" ><div id=\"pg-201-0\"  class=\"panel-grid panel-no-style\" ><div id=\"pgc-201-0-0\"  class=\"panel-grid-cell\" ><div id=\"panel-201-0-0-0\" class=\"so-panel widget widget_pw_steps widget-steps panel-first-child\" data-index=\"0\" >\n\t\n\t<div class=\"steps\">\n\t\t\t\t\t<div class=\"step\">\n\t\t\t\t<div class=\"step__title\">\n\t\t\t\t\tDiagnosticiranje\t\t\t\t<\/div>\n\t\t\t\t<p class=\"step__content\">\n\t\t\t\t\t\t\t\t<\/p>\n\t\t\t\t<div class=\"step__number\">\n\t\t\t\t\t1\t\t\t\t<\/div>\n\t\t\t<\/div>\n\t\t\t<\/div>\n\n<\/div><div id=\"panel-201-0-0-1\" class=\"so-panel widget widget_sow-editor panel-last-child\" data-index=\"1\" ><div\n\t\t\t\n\t\t\tclass=\"so-widget-sow-editor so-widget-sow-editor-base\"\n\t\t\t\n\t\t><h3 class=\"widget-title\"><span class=\"widget-title__inline\">Diagnostika vgrajenih sistemov v vozilih<\/span><\/h3>\n<div class=\"siteorigin-widget-tinymce textwidget\">\n\t<p>Povpre\u010dno vozilo dandanes ima vgrajenih med 25 in 30 elektronskih nadzornih sistemov, najbolj tehnolo\u0161ko napredna vozila z vgrajenimi asisten\u010dnimi sistemi oziroma avtonomna vozila pa \u017ee tudi do 80 sistemov. Za pregled sistemov, branje napak v sistemih, kot tudi za kvalitetno delo odprav napak na sistemih, brisanje napak, spremljanje parametrov, ponastavitev, u\u010denje sistemov ipd., je uporaba namenske diagnosti\u010dne in programske opreme \u0161e kako pomembna.<\/p>\n<p>&nbsp;<\/p>\n<p><strong>Z uporabo namenske diagnosti\u010dne in programske opreme partnerjem nudimo visok nivo pri diagnosticiranju in odpravi napak na prakti\u010dno vseh elektronskih nadzornih vgrajenih sistemih v vozilih.<\/strong><\/p>\n<\/div>\n<\/div><\/div><\/div><div id=\"pgc-201-0-1\"  class=\"panel-grid-cell\" ><div id=\"panel-201-0-1-0\" class=\"so-panel widget widget_pw_steps widget-steps panel-first-child\" data-index=\"2\" >\n\t\n\t<div class=\"steps\">\n\t\t\t\t\t<div class=\"step\">\n\t\t\t\t<div class=\"step__title\">\n\t\t\t\t\tRa\u010dunalni\u0161ka obdelava - CHIP TUNING\t\t\t\t<\/div>\n\t\t\t\t<p class=\"step__content\">\n\t\t\t\t\t\t\t\t<\/p>\n\t\t\t\t<div class=\"step__number\">\n\t\t\t\t\t2\t\t\t\t<\/div>\n\t\t\t<\/div>\n\t\t\t<\/div>\n\n<\/div><div id=\"panel-201-0-1-1\" class=\"so-panel widget widget_sow-editor panel-last-child\" data-index=\"3\" ><div\n\t\t\t\n\t\t\tclass=\"so-widget-sow-editor so-widget-sow-editor-base\"\n\t\t\t\n\t\t>\n<div class=\"siteorigin-widget-tinymce textwidget\">\n\t<p>&nbsp;<\/p>\n<p><img loading=\"lazy\" decoding=\"async\" class=\"alignnone wp-image-1246\" src=\"https:\/\/as-nartnik.si\/wp-content\/uploads\/2020\/03\/NartnikDiagnostika3-scaled.jpg\" alt=\"\" width=\"828\" height=\"550\" srcset=\"https:\/\/as-nartnik.si\/wp-content\/uploads\/2020\/03\/NartnikDiagnostika3-scaled.jpg 2560w, https:\/\/as-nartnik.si\/wp-content\/uploads\/2020\/03\/NartnikDiagnostika3-300x199.jpg 300w, https:\/\/as-nartnik.si\/wp-content\/uploads\/2020\/03\/NartnikDiagnostika3-1024x680.jpg 1024w, https:\/\/as-nartnik.si\/wp-content\/uploads\/2020\/03\/NartnikDiagnostika3-768x510.jpg 768w, https:\/\/as-nartnik.si\/wp-content\/uploads\/2020\/03\/NartnikDiagnostika3-1536x1021.jpg 1536w, https:\/\/as-nartnik.si\/wp-content\/uploads\/2020\/03\/NartnikDiagnostika3-2048x1361.jpg 2048w, https:\/\/as-nartnik.si\/wp-content\/uploads\/2020\/03\/NartnikDiagnostika3-540x359.jpg 540w, https:\/\/as-nartnik.si\/wp-content\/uploads\/2020\/03\/NartnikDiagnostika3-600x399.jpg 600w, https:\/\/as-nartnik.si\/wp-content\/uploads\/2020\/03\/NartnikDiagnostika3-272x182.jpg 272w\" sizes=\"auto, (max-width: 828px) 100vw, 828px\" \/><\/p>\n<p><img loading=\"lazy\" decoding=\"async\" class=\"alignnone wp-image-1245\" src=\"https:\/\/as-nartnik.si\/wp-content\/uploads\/2020\/03\/NartnikDiagnostika4.jpg\" alt=\"\" width=\"828\" height=\"405\" srcset=\"https:\/\/as-nartnik.si\/wp-content\/uploads\/2020\/03\/NartnikDiagnostika4.jpg 675w, https:\/\/as-nartnik.si\/wp-content\/uploads\/2020\/03\/NartnikDiagnostika4-300x147.jpg 300w, https:\/\/as-nartnik.si\/wp-content\/uploads\/2020\/03\/NartnikDiagnostika4-540x264.jpg 540w, https:\/\/as-nartnik.si\/wp-content\/uploads\/2020\/03\/NartnikDiagnostika4-600x293.jpg 600w\" sizes=\"auto, (max-width: 828px) 100vw, 828px\" \/><\/p>\n<p>&nbsp;<\/p>\n<\/div>\n<\/div><\/div><\/div><\/div><\/div>","protected":false},"excerpt":{"rendered":"<p>Povpre\u010dno vozilo dandanes ima vgrajenih med 25 in 30 elektronskih nadzornih sistemov, najbolj tehnolo\u0161ko napredna vozila z vgrajenimi asisten\u010dnimi sistemi oziroma avtonomna vozila pa \u017ee tudi do 80 sistemov. Za pregled sistemov, branje napak v sistemih, kot tudi za kvalitetno delo odprav napak na sistemih, brisanje napak, spremljanje parametrov, ponastavitev, u\u010denje sistemov ipd., je uporaba &hellip;<\/p>\n","protected":false},"author":1,"featured_media":1248,"parent":172,"menu_order":0,"comment_status":"closed","ping_status":"closed","template":"","meta":{"_acf_changed":false,"footnotes":""},"class_list":["post-201","page","type-page","status-publish","has-post-thumbnail","hentry"],"acf":[],"_links":{"self":[{"href":"https:\/\/as-nartnik.si\/index.php?rest_route=\/wp\/v2\/pages\/201","targetHints":{"allow":["GET"]}}],"collection":[{"href":"https:\/\/as-nartnik.si\/index.php?rest_route=\/wp\/v2\/pages"}],"about":[{"href":"https:\/\/as-nartnik.si\/index.php?rest_route=\/wp\/v2\/types\/page"}],"author":[{"embeddable":true,"href":"https:\/\/as-nartnik.si\/index.php?rest_route=\/wp\/v2\/users\/1"}],"replies":[{"embeddable":true,"href":"https:\/\/as-nartnik.si\/index.php?rest_route=%2Fwp%2Fv2%2Fcomments&post=201"}],"version-history":[{"count":26,"href":"https:\/\/as-nartnik.si\/index.php?rest_route=\/wp\/v2\/pages\/201\/revisions"}],"predecessor-version":[{"id":1630,"href":"https:\/\/as-nartnik.si\/index.php?rest_route=\/wp\/v2\/pages\/201\/revisions\/1630"}],"up":[{"embeddable":true,"href":"https:\/\/as-nartnik.si\/index.php?rest_route=\/wp\/v2\/pages\/172"}],"wp:featuredmedia":[{"embeddable":true,"href":"https:\/\/as-nartnik.si\/index.php?rest_route=\/wp\/v2\/media\/1248"}],"wp:attachment":[{"href":"https:\/\/as-nartnik.si\/index.php?rest_route=%2Fwp%2Fv2%2Fmedia&parent=201"}],"curies":[{"name":"wp","href":"https:\/\/api.w.org\/{rel}","templated":true}]}}