{"id":205,"date":"2020-02-26T09:19:48","date_gmt":"2020-02-26T09:19:48","guid":{"rendered":"https:\/\/xml-io.proteusthemes.com\/auto\/?page_id=205"},"modified":"2020-03-29T08:53:25","modified_gmt":"2020-03-29T08:53:25","slug":"air-conditioning","status":"publish","type":"page","link":"https:\/\/as-nartnik.si\/?page_id=205","title":{"rendered":"Servis klimatskih sistemov"},"content":{"rendered":"<div id=\"pl-205\"  class=\"panel-layout\" ><div id=\"pg-205-0\"  class=\"panel-grid panel-no-style\" ><div id=\"pgc-205-0-0\"  class=\"panel-grid-cell\" ><div id=\"panel-205-0-0-0\" class=\"so-panel widget widget_sow-editor panel-first-child\" data-index=\"0\" ><div\n\t\t\t\n\t\t\tclass=\"so-widget-sow-editor so-widget-sow-editor-base\"\n\t\t\t\n\t\t>\n<div class=\"siteorigin-widget-tinymce textwidget\">\n\t<h3><b>Servis sistemov klimatskih naprav<\/b><\/h3>\n<p>V Avtoservisu Nartnik partnerjem nudimo preventivne preglede in kontrole delovanja sistemov klimatskih naprav vozil. S pravo\u010dasnim odkritjem pu\u0161\u010danja sistemov prepre\u010dimo onesna\u017eevanje okolja s hladili in posledi\u010dno visoke stro\u0161ke popravil, do katere privede npr. premajhna koli\u010dina hladiva v sistemu.<\/p>\n<p>Ugotavljanja lokacije netesnosti sistemov se poslu\u017eujemo z uporabo najsodobnej\u0161e <a href=\"https:\/\/www.youtube.com\/watch?v=HMJwzG4c960\" target=\"_blank\" rel=\"noopener\">opreme\u00a0 za ugotavljanje netesnosti<\/a> s formirnim plinom (doziranje in detektor za lociranje mesta netesnosti). Metoda kot taka ne povzro\u010da dodatne obremenitve okolja s hladili, mazivi, ipd.<\/p>\n<p>V sklopu vzdr\u017eevanja sistemov klimatskih naprav partnerjem nudimo tudi dezinfekcijo uparjalnikov, kanalskih razvodov in notranjosti vozil po sistemu MiST\u2122 In-Car Air Quality\u2122.<\/p>\n<\/div>\n<\/div><\/div><div id=\"panel-205-0-0-1\" class=\"so-panel widget widget_pw_brochure_box widget-brochure-box\" data-index=\"1\" ><h3 class=\"widget-title\"><span class=\"widget-title__inline\">FORTRON Ozone<\/span><\/h3>\n\t<a class=\"brochure-box\" href=\"https:\/\/www.youtube.com\/watch?v=CILmjYeSAnI\" target=\"_blank\">\n\t\t<span class=\"brochure-box__icon\"><i class=\"fa  fa-info-circle\"><\/i><\/span>\n\t\t<h5 class=\"brochure-box__text\">Dezinfekcija z ozonom je zelo u\u010dinkovita in uspe\u0161na in uni\u010di vse bakterije in viruse v vozilu, med drugim tudi zloglasni virus\u00a0SARS-CoV-2 (COVID-19)<\/h5>\n\t<\/a>\n\n<\/div><div id=\"panel-205-0-0-2\" class=\"so-panel widget widget_media_video panel-last-child\" data-index=\"2\" ><div style=\"width:100%;\" class=\"wp-video\"><video class=\"wp-video-shortcode\" id=\"video-205-1\" preload=\"metadata\" controls=\"controls\"><source type=\"video\/youtube\" src=\"https:\/\/www.youtube.com\/watch?v=CILmjYeSAnI&#038;_=1\" \/><a href=\"https:\/\/www.youtube.com\/watch?v=CILmjYeSAnI\">https:\/\/www.youtube.com\/watch?v=CILmjYeSAnI<\/a><\/video><\/div><\/div><\/div><div id=\"pgc-205-0-1\"  class=\"panel-grid-cell\" ><div id=\"panel-205-0-1-0\" class=\"so-panel widget widget_media_video panel-first-child\" data-index=\"3\" ><div style=\"width:100%;\" class=\"wp-video\"><video class=\"wp-video-shortcode\" id=\"video-205-2\" preload=\"metadata\" controls=\"controls\"><source type=\"video\/youtube\" src=\"https:\/\/www.youtube.com\/watch?v=EDVY2_kZyck&#038;_=2\" \/><a href=\"https:\/\/www.youtube.com\/watch?v=EDVY2_kZyck\">https:\/\/www.youtube.com\/watch?v=EDVY2_kZyck<\/a><\/video><\/div><\/div><div id=\"panel-205-0-1-1\" class=\"so-panel widget widget_sow-editor\" data-index=\"4\" ><div\n\t\t\t\n\t\t\tclass=\"so-widget-sow-editor so-widget-sow-editor-base\"\n\t\t\t\n\t\t>\n<div class=\"siteorigin-widget-tinymce textwidget\">\n\t<h5><span style=\"color: #999999;\"><span class=\"icon-container\"><span class=\"fa fa-check\" style=\"color:#bc001f;\"><\/span><\/span> \u00a0 \u00a0IN\u0160TALIRAMO SAMO NAJBOLJ\u0160E SISTEME<br \/>\n<\/span><span style=\"color: #999999;\"><br \/>\n<\/span><span style=\"color: #999999;\"><span class=\"icon-container\"><span class=\"fa fa-check\" style=\"color:#bc001f;\"><\/span><\/span> \u00a0 \u00a0PREIZKUSI\u00a0 TESNOSTI SISTEMA<\/span><\/h5>\n<h5><span style=\"color: #999999;\"><span class=\"icon-container\"><span class=\"fa fa-check\" style=\"color:#bc001f;\"><\/span><\/span> \u00a0 \u00a0DOPOLNJEVANJE HLADILNIH SISTEMOV<\/span><\/h5>\n<\/div>\n<\/div><\/div><div id=\"panel-205-0-1-2\" class=\"so-panel widget widget_sow-editor panel-last-child\" data-index=\"5\" ><div\n\t\t\t\n\t\t\tclass=\"so-widget-sow-editor so-widget-sow-editor-base\"\n\t\t\t\n\t\t>\n<div class=\"siteorigin-widget-tinymce textwidget\">\n\t<p><img loading=\"lazy\" decoding=\"async\" class=\"alignnone size-full wp-image-891\" src=\"https:\/\/as-nartnik.si\/wp-content\/uploads\/2019\/02\/coolingsystem.jpg\" alt=\"\" width=\"645\" height=\"487\" srcset=\"https:\/\/as-nartnik.si\/wp-content\/uploads\/2019\/02\/coolingsystem.jpg 645w, https:\/\/as-nartnik.si\/wp-content\/uploads\/2019\/02\/coolingsystem-300x227.jpg 300w, https:\/\/as-nartnik.si\/wp-content\/uploads\/2019\/02\/coolingsystem-540x408.jpg 540w, https:\/\/as-nartnik.si\/wp-content\/uploads\/2019\/02\/coolingsystem-600x453.jpg 600w\" sizes=\"auto, (max-width: 645px) 100vw, 645px\" \/><\/p>\n<p> <a class=\"btn  btn-primary\" href=\"https:\/\/as-nartnik.si\/?page_id=160\" target=\"_blank\"><i class=\"fa fa-handshake-o\"><\/i>  NARO\u010cITE DESINFEKCIJO VA\u0160EGA VOZILA<\/a><br \/>\n&nbsp;<\/p>\n<\/div>\n<\/div><\/div><\/div><\/div><\/div>","protected":false},"excerpt":{"rendered":"<p>Servis sistemov klimatskih naprav V Avtoservisu Nartnik partnerjem nudimo preventivne preglede in kontrole delovanja sistemov klimatskih naprav vozil. S pravo\u010dasnim odkritjem pu\u0161\u010danja sistemov prepre\u010dimo onesna\u017eevanje okolja s hladili in posledi\u010dno visoke stro\u0161ke popravil, do katere privede npr. premajhna koli\u010dina hladiva v sistemu. Ugotavljanja lokacije netesnosti sistemov se poslu\u017eujemo z uporabo najsodobnej\u0161e opreme\u00a0 za ugotavljanje netesnosti &hellip;<\/p>\n","protected":false},"author":1,"featured_media":892,"parent":172,"menu_order":0,"comment_status":"closed","ping_status":"closed","template":"","meta":{"_acf_changed":false,"footnotes":""},"class_list":["post-205","page","type-page","status-publish","has-post-thumbnail","hentry"],"acf":[],"_links":{"self":[{"href":"https:\/\/as-nartnik.si\/index.php?rest_route=\/wp\/v2\/pages\/205","targetHints":{"allow":["GET"]}}],"collection":[{"href":"https:\/\/as-nartnik.si\/index.php?rest_route=\/wp\/v2\/pages"}],"about":[{"href":"https:\/\/as-nartnik.si\/index.php?rest_route=\/wp\/v2\/types\/page"}],"author":[{"embeddable":true,"href":"https:\/\/as-nartnik.si\/index.php?rest_route=\/wp\/v2\/users\/1"}],"replies":[{"embeddable":true,"href":"https:\/\/as-nartnik.si\/index.php?rest_route=%2Fwp%2Fv2%2Fcomments&post=205"}],"version-history":[{"count":61,"href":"https:\/\/as-nartnik.si\/index.php?rest_route=\/wp\/v2\/pages\/205\/revisions"}],"predecessor-version":[{"id":1720,"href":"https:\/\/as-nartnik.si\/index.php?rest_route=\/wp\/v2\/pages\/205\/revisions\/1720"}],"up":[{"embeddable":true,"href":"https:\/\/as-nartnik.si\/index.php?rest_route=\/wp\/v2\/pages\/172"}],"wp:featuredmedia":[{"embeddable":true,"href":"https:\/\/as-nartnik.si\/index.php?rest_route=\/wp\/v2\/media\/892"}],"wp:attachment":[{"href":"https:\/\/as-nartnik.si\/index.php?rest_route=%2Fwp%2Fv2%2Fmedia&parent=205"}],"curies":[{"name":"wp","href":"https:\/\/api.w.org\/{rel}","templated":true}]}}